{"id":1089,"date":"2018-06-22T10:34:33","date_gmt":"2018-06-22T09:34:33","guid":{"rendered":"http:\/\/canparesrural.com\/?page_id=1089"},"modified":"2024-11-25T10:53:01","modified_gmt":"2024-11-25T09:53:01","slug":"reserva","status":"publish","type":"page","link":"https:\/\/canparesrural.cat\/es\/reserva-disponibilitat\/","title":{"rendered":"reserva"},"content":{"rendered":"<p>[et_pb_section fb_built=&#8221;1&#8243; _builder_version=&#8221;4.16&#8243; custom_margin=&#8221;0px||0px|&#8221; custom_padding=&#8221;0px||0px|&#8221; global_colors_info=&#8221;{}&#8221;][et_pb_row use_custom_gutter=&#8221;on&#8221; gutter_width=&#8221;1&#8243; module_class=&#8221; et_pb_row_fullwidth&#8221; _builder_version=&#8221;4.16&#8243; background_image=&#8221;https:\/\/canparesrural.cat\/wp-content\/uploads\/2018\/07\/CANPARES_capcalera_blava-1.jpg&#8221; width=&#8221;100%&#8221; width_tablet=&#8221;100%&#8221; width_phone=&#8221;100%&#8221; width_last_edited=&#8221;on|desktop&#8221; max_width=&#8221;100%&#8221; max_width_tablet=&#8221;100%&#8221; max_width_phone=&#8221;100%&#8221; max_width_last_edited=&#8221;on|desktop&#8221; make_fullwidth=&#8221;on&#8221; global_colors_info=&#8221;{}&#8221;][et_pb_column type=&#8221;4_4&#8243; _builder_version=&#8221;4.16&#8243; custom_padding=&#8221;|||&#8221; global_colors_info=&#8221;{}&#8221; custom_padding__hover=&#8221;|||&#8221;][et_pb_blurb title=&#8221;Reserva casa de Turisme Rural&#8221; content_max_width=&#8221;100%&#8221; _builder_version=&#8221;4.16&#8243; header_level=&#8221;h2&#8243; header_font=&#8221;Nexa Bold||||||||&#8221; header_text_align=&#8221;center&#8221; header_text_color=&#8221;#ffffff&#8221; header_font_size=&#8221;30&#8243; body_text_align=&#8221;center&#8221; body_font_size=&#8221;16&#8243; text_orientation=&#8221;center&#8221; background_layout=&#8221;dark&#8221; custom_margin=&#8221;10px||0px|&#8221; custom_padding=&#8221;0px||0px|&#8221; global_colors_info=&#8221;{}&#8221;][\/et_pb_blurb][\/et_pb_column][\/et_pb_row][\/et_pb_section][et_pb_section fb_built=&#8221;1&#8243; disabled_on=&#8221;off||&#8221; _builder_version=&#8221;4.16&#8243; background_image=&#8221;https:\/\/canparesrural.cat\/wp-content\/uploads\/2018\/04\/fons_3.png&#8221; background_position=&#8221;top_center&#8221; custom_margin=&#8221;0px||0px|&#8221; custom_padding=&#8221;0px|0px|0px|0px&#8221; global_colors_info=&#8221;{}&#8221;][et_pb_row _builder_version=&#8221;4.16&#8243; custom_padding=&#8221;50px|||&#8221; global_colors_info=&#8221;{}&#8221;][et_pb_column type=&#8221;4_4&#8243; _builder_version=&#8221;4.16&#8243; custom_padding=&#8221;|||&#8221; global_colors_info=&#8221;{}&#8221; custom_padding__hover=&#8221;|||&#8221;][et_pb_blurb title=&#8221;Pots reservar habitacions o tota la casa&#8221; content_max_width=&#8221;90%&#8221; _builder_version=&#8221;4.26.0&#8243; header_level=&#8221;h3&#8243; header_font=&#8221;Nexa Bold||||||||&#8221; header_text_align=&#8221;center&#8221; header_text_color=&#8221;#80bfe6&#8243; header_font_size=&#8221;36&#8243; body_text_align=&#8221;center&#8221; body_font_size=&#8221;16&#8243; text_orientation=&#8221;center&#8221; custom_margin=&#8221;0px||0px|&#8221; custom_padding=&#8221;0px||0px|&#8221; global_colors_info=&#8221;{}&#8221;][\/et_pb_blurb][et_pb_divider color=&#8221;#80bfe6&#8243; divider_weight=&#8221;5&#8243; _builder_version=&#8221;4.16&#8243; max_width=&#8221;70px&#8221; module_alignment=&#8221;center&#8221; custom_margin=&#8221;0px||0px|&#8221; custom_padding=&#8221;0px||0px|&#8221; global_colors_info=&#8221;{}&#8221;][\/et_pb_divider][et_pb_text _builder_version=&#8221;4.26.0&#8243; text_font_size=&#8221;16px&#8221; text_orientation=&#8221;center&#8221; global_colors_info=&#8221;{}&#8221;]<\/p>\n<p>Trieu les dates i veureu la disponibilitat<\/p>\n<p>[\/et_pb_text][\/et_pb_column][\/et_pb_row][et_pb_row _builder_version=&#8221;4.16&#8243; background_color=&#8221;#ffffff&#8221; background_size=&#8221;initial&#8221; background_position=&#8221;top_left&#8221; background_repeat=&#8221;repeat&#8221; custom_margin=&#8221;40px||40px|&#8221; custom_padding=&#8221;40px|40px|40px|40px&#8221; border_radii=&#8221;on|10px|10px|10px|10px&#8221; box_shadow_style=&#8221;preset3&#8243; global_colors_info=&#8221;{}&#8221;][et_pb_column type=&#8221;4_4&#8243; _builder_version=&#8221;4.16&#8243; custom_padding=&#8221;|||&#8221; global_colors_info=&#8221;{}&#8221; custom_padding__hover=&#8221;|||&#8221;][et_pb_button button_text=&#8221;GESTIONA LA TEVA RESERVA AMB NATURAKI!&#8221; _builder_version=&#8221;4.27.3&#8243; _module_preset=&#8221;default&#8221; hover_enabled=&#8221;0&#8243; sticky_enabled=&#8221;0&#8243; button_url=&#8221;www.naturaki.com\/ca\/canpares&#8221; button_alignment=&#8221;center&#8221; custom_button=&#8221;on&#8221; button_text_size=&#8221;2rem&#8221; button_bg_color=&#8221;#c5f429&#8243; button_bg_enable_color=&#8221;on&#8221; button_border_color=&#8221;#355100&#8243; button_text_color=&#8221;#355100&#8243; button_border_width=&#8221;3px&#8221; button_icon=&#8221;&#xe03e;||divi||400&#8243; button_icon_color=&#8221;#355100&#8243; button_border_color__hover_enabled=&#8221;on|hover&#8221; button_border_color__hover=&#8221;#355100&#8243;][\/et_pb_button][et_pb_text _builder_version=&#8221;4.26.0&#8243; _module_preset=&#8221;default&#8221; global_colors_info=&#8221;{}&#8221;]<\/p>\n\t<div class=\"wp-block-canpares-booking-form\">\n\t\t<form>\n\t\t\t<fieldset>\n\t\t\t\t<fieldset class=\"dates\">\n\t\t\t\t\t<legend>Fechas<\/legend>\n\t\t\t\t\t<label>\n\t\t\t\t\t\tFecha de llegada<br>\n\t\t\t\t\t\t<input\n\t\t\t\t\t\t\ttype=\"date\"\n\t\t\t\t\t\t\tname=\"check_in\"\n\t\t\t\t\t\t\trequired\n\t\t\t\t\t\t><br>\n\t\t\t\t\t<\/label>\n\t\t\t\t\t<label>\n\t\t\t\t\t\tFecha de salida<br>\n\t\t\t\t\t\t<input\n\t\t\t\t\t\t\ttype=\"date\"\n\t\t\t\t\t\t\tname=\"check_out\"\n\t\t\t\t\t\t\trequired\n\t\t\t\t\t\t><br>\n\t\t\t\t\t<\/label>\n\t\t\t\t<\/fieldset>\n\t\t\t\t<fieldset class=\"rooms\">\n\t\t\t\t\t<legend>Habitaciones<\/legend>\n\t\t\t\t\t\t\t\t\t\t\t<div\n\t\t\t\t\t\t\tstyle=\"--room-image: url('https:\/\/canparesrural.cat\/wp-content\/uploads\/2018\/06\/CANPARES_Icone_ElTaller-300x270.png');\">\n\t\t\t\t\t\t\t<div>\n\t\t\t\t\t\t\t\t<span>Habitaci\u00f3 El Taller<\/span>\n\t\t\t\t\t\t\t\t\t\t\t\t\t\t\t\t<span>Capacidad para hasta 4\u00a0hu\u00e9spedes<\/span>\n\t\t\t\t\t\t\t<\/div>\n\t\t\t\t\t\t<\/div>\n\t\t\t\t\t\t\t\t\t\t\t<div\n\t\t\t\t\t\t\tstyle=\"--room-image: url('https:\/\/canparesrural.cat\/wp-content\/uploads\/2018\/06\/CANPARES_Icone_LesFigues-1-300x267.png');\">\n\t\t\t\t\t\t\t<div>\n\t\t\t\t\t\t\t\t<span>Habitaci\u00f3 Les Figues<\/span>\n\t\t\t\t\t\t\t\t\t\t\t\t\t\t\t\t<span>Capacidad para hasta 4\u00a0hu\u00e9spedes<\/span>\n\t\t\t\t\t\t\t<\/div>\n\t\t\t\t\t\t<\/div>\n\t\t\t\t\t\t\t\t\t\t\t<div\n\t\t\t\t\t\t\tstyle=\"--room-image: url('https:\/\/canparesrural.cat\/wp-content\/uploads\/2018\/06\/CANPARES_Icone_Les-Nous-1-300x267.png');\">\n\t\t\t\t\t\t\t<div>\n\t\t\t\t\t\t\t\t<span>Habitaci\u00f3 Les Nous<\/span>\n\t\t\t\t\t\t\t\t\t\t\t\t\t\t\t\t<span>Capacidad para hasta 3\u00a0hu\u00e9spedes<\/span>\n\t\t\t\t\t\t\t<\/div>\n\t\t\t\t\t\t<\/div>\n\t\t\t\t\t\t\t\t\t<\/fieldset>\n\t\t\t\t<fieldset class=\"customer\">\n\t\t\t\t\t<legend>Informaci\u00f3n personal<\/legend>\n\t\t\t\t\t<label>\n\t\t\t\t\t\tNombre completo<br>\n\t\t\t\t\t\t<input\n\t\t\t\t\t\t\ttype=\"text\"\n\t\t\t\t\t\t\tname=\"name\"\n\t\t\t\t\t\t\tautocomplete=\"name\"\n\t\t\t\t\t\t\tplaceholder=\"Nombre Apellido Apellido\"\n\t\t\t\t\t\t\trequired\n\t\t\t\t\t\t><br>\n\t\t\t\t\t<\/label>\n\t\t\t\t\t<label>\n\t\t\t\t\t\tDirecci\u00f3n de correo electr\u00f3nico<br>\n\t\t\t\t\t\t<input\n\t\t\t\t\t\t\ttype=\"email\"\n\t\t\t\t\t\t\tname=\"email\"\n\t\t\t\t\t\t\tautocomplete=\"email\"\n\t\t\t\t\t\t\tplaceholder=\"correo@example.com\"\n\t\t\t\t\t\t\trequired\n\t\t\t\t\t\t><br>\n\t\t\t\t\t<\/label>\n\t\t\t\t\t<label>\n\t\t\t\t\t\tTel\u00e9fono<br>\n\t\t\t\t\t\t<input\n\t\t\t\t\t\t\ttype=\"tel\"\n\t\t\t\t\t\t\tname=\"phone\"\n\t\t\t\t\t\t\tplaceholder=\"678 901 234\"\n\t\t\t\t\t\t\tautocomplete=\"tel\"\n\t\t\t\t\t\t\trequired\n\t\t\t\t\t\t><br>\n\t\t\t\t\t<\/label>\n\t\t\t\t\t<label>\n\t\t\t\t\t\tN\u00famero de hu\u00e9spedes de 17\u00a0a\u00f1os o m\u00e1s\t\t\t\t\t\t<select\n\t\t\t\t\t\t\tname=\"adults\">\n\t\t\t\t\t\t\t<option value=\"0\">1<\/option>\n\t\t\t\t\t\t<\/select>\n\t\t\t\t\t<\/label>\n\t\t\t\t\t<label>\n\t\t\t\t\t\tComentarios (opcional)\t\t\t\t\t\t<textarea name=\"comments\" rows=\"3\"><\/textarea>\n\t\t\t\t\t<\/label>\n\t\t\t\t<\/fieldset>\n\t\t\t\t<fieldset class=\"payment\">\n\t\t\t\t\t<legend>Pago<\/legend>\n\t\t\t\t\t<div class=\"payment-elements\"><\/div>\n\t\t\t\t<\/fieldset>\n\t\t\t\t<label>\n\t\t\t\t\t<input type=\"checkbox\"\n\t\t\t\t\t\tname=\"acceptance\"\n\t\t\t\t\t\trequired\n\t\t\t\t\t>\n\t\t\t\t\tHe le\u00eddo y acepto <a href=\"https:\/\/canparesrural.cat\/es\/aviso-legal-y-politica-de-privacidad\/\" target=\"_blank\">las condiciones de contracto y la pol\u00edtica de privacidad<\/a>\t\t\t\t<\/label>\n\t\t\t<\/fieldset>\n\t\t\t<footer>\n\t\t\t<\/footer>\n\t\t<\/form>\n\t<\/div>\n\n<p>[\/et_pb_text][et_pb_text _builder_version=&#8221;4.16&#8243; text_font_size=&#8221;12px&#8221; text_line_height=&#8221;1.5em&#8221; global_colors_info=&#8221;{}&#8221;]<\/p>\n<h4><strong>POL\u00cdTICA PRIVACITAT<\/strong><\/h4>\n<p>Responsable: Identitat: <strong>ANNA PAR\u00c9S SASANEDAS<\/strong> amb NIF<strong> 40348893 Q<\/strong> situada al carrer Can Par\u00e9s sn 17150 Sant Gregori, Tel\u00e8fon: +34 696 04 72 56 i Correu electr\u00f2nic: <a href=\"mailto:info@canparesrural.com\">info@canparesrural.com<\/a><br \/>\nEn nom de l&#8217;empresa tractem la informaci\u00f3 que ens facilita amb la finalitat d&#8217;enviar-li publicitat relacionada amb els nostres serveis per qualsevol mitj\u00e0 (postal, email o tel\u00e8fon) i convidar-lo a esdeveniments organitzats per l&#8217;empresa. Les dades proporcionades es conservaran mentre no ens sol\u00b7liciti el cessament de l&#8217;activitat. Les dades no se cediran a tercers excepte en els casos en qu\u00e8 existeixi una obligaci\u00f3 legal. Vost\u00e8 t\u00e9 dret a obtenir confirmaci\u00f3 sobre si a <strong>ANNA PAR\u00c9S SASANEDAS<\/strong> estem tractant les seves dades personals per tant t\u00e9 dret a accedir a les seves dades personals, rectificar les dades inexactes o sol\u00b7licitar la seva supressi\u00f3 quan les dades ja no siguin necess\u00e0ries per a les finalitats que van ser recollides.<br \/>\nAix\u00ed mateix sol\u00b7licito autoritzaci\u00f3 per oferir serveis relacionats als sol\u00b7licitats i fidelitzar-lo com a client.<br \/>\n[\/et_pb_text][\/et_pb_column][\/et_pb_row][\/et_pb_section][et_pb_section fb_built=&#8221;1&#8243; _builder_version=&#8221;4.16&#8243; custom_margin=&#8221;0px||0px|&#8221; custom_padding=&#8221;0px||0px|&#8221; locked=&#8221;off&#8221; global_colors_info=&#8221;{}&#8221;][et_pb_row use_custom_gutter=&#8221;on&#8221; gutter_width=&#8221;1&#8243; module_class=&#8221; et_pb_row_fullwidth&#8221; _builder_version=&#8221;4.16&#8243; width=&#8221;100%&#8221; width_tablet=&#8221;100%&#8221; width_phone=&#8221;100%&#8221; width_last_edited=&#8221;on|desktop&#8221; max_width=&#8221;100%&#8221; max_width_tablet=&#8221;100%&#8221; max_width_phone=&#8221;100%&#8221; max_width_last_edited=&#8221;on|desktop&#8221; module_alignment=&#8221;center&#8221; custom_margin=&#8221;0px||0px|&#8221; custom_padding=&#8221;0px||0px|&#8221; make_fullwidth=&#8221;on&#8221; global_colors_info=&#8221;{}&#8221;][et_pb_column type=&#8221;4_4&#8243; _builder_version=&#8221;4.16&#8243; custom_padding=&#8221;|||&#8221; global_colors_info=&#8221;{}&#8221; custom_padding__hover=&#8221;|||&#8221;][et_pb_code _builder_version=&#8221;4.16&#8243; global_colors_info=&#8221;{}&#8221;]<iframe loading=\"lazy\" src=\"https:\/\/www.google.com\/maps\/embed?pb=!1m18!1m12!1m3!1d47455.7759140385!2d2.744674479335054!3d41.97911046843291!2m3!1f0!2f0!3f0!3m2!1i1024!2i768!4f13.1!3m3!1m2!1s0x12baddc219090d89%3A0x621c415a47d17145!2sCAN+PAR%C3%89S+%C2%B7+Casa+Turisme+Rural!5e0!3m2!1sca!2ses!4v1531297911304\" width=\"100%\" height=\"500\" frameborder=\"0\" style=\"border:0\" allowfullscreen><\/iframe>[\/et_pb_code][\/et_pb_column][\/et_pb_row][\/et_pb_section]<\/p>\n","protected":false},"excerpt":{"rendered":"<p>Trieu les dates i veureu la disponibilitat\t<div class=\"wp-block-canpares-booking-form\">\n\t\t<form>\n\t\t\t<fieldset>\n\t\t\t\t<fieldset class=\"dates\">\n\t\t\t\t\t<legend>Fechas<\/legend>\n\t\t\t\t\t<label>\n\t\t\t\t\t\tFecha de llegada<br>\n\t\t\t\t\t\t<input\n\t\t\t\t\t\t\ttype=\"date\"\n\t\t\t\t\t\t\tname=\"check_in\"\n\t\t\t\t\t\t\trequired\n\t\t\t\t\t\t><br>\n\t\t\t\t\t<\/label>\n\t\t\t\t\t<label>\n\t\t\t\t\t\tFecha de salida<br>\n\t\t\t\t\t\t<input\n\t\t\t\t\t\t\ttype=\"date\"\n\t\t\t\t\t\t\tname=\"check_out\"\n\t\t\t\t\t\t\trequired\n\t\t\t\t\t\t><br>\n\t\t\t\t\t<\/label>\n\t\t\t\t<\/fieldset>\n\t\t\t\t<fieldset class=\"rooms\">\n\t\t\t\t\t<legend>Habitaciones<\/legend>\n\t\t\t\t\t\t\t\t\t\t\t<div\n\t\t\t\t\t\t\tstyle=\"--room-image: url('https:\/\/canparesrural.cat\/wp-content\/uploads\/2018\/06\/CANPARES_Icone_ElTaller-300x270.png');\">\n\t\t\t\t\t\t\t<div>\n\t\t\t\t\t\t\t\t<span>Habitaci\u00f3 El Taller<\/span>\n\t\t\t\t\t\t\t\t\t\t\t\t\t\t\t\t<span>Capacidad para hasta 4\u00a0hu\u00e9spedes<\/span>\n\t\t\t\t\t\t\t<\/div>\n\t\t\t\t\t\t<\/div>\n\t\t\t\t\t\t\t\t\t\t\t<div\n\t\t\t\t\t\t\tstyle=\"--room-image: url('https:\/\/canparesrural.cat\/wp-content\/uploads\/2018\/06\/CANPARES_Icone_LesFigues-1-300x267.png');\">\n\t\t\t\t\t\t\t<div>\n\t\t\t\t\t\t\t\t<span>Habitaci\u00f3 Les Figues<\/span>\n\t\t\t\t\t\t\t\t\t\t\t\t\t\t\t\t<span>Capacidad para hasta 4\u00a0hu\u00e9spedes<\/span>\n\t\t\t\t\t\t\t<\/div>\n\t\t\t\t\t\t<\/div>\n\t\t\t\t\t\t\t\t\t\t\t<div\n\t\t\t\t\t\t\tstyle=\"--room-image: url('https:\/\/canparesrural.cat\/wp-content\/uploads\/2018\/06\/CANPARES_Icone_Les-Nous-1-300x267.png');\">\n\t\t\t\t\t\t\t<div>\n\t\t\t\t\t\t\t\t<span>Habitaci\u00f3 Les Nous<\/span>\n\t\t\t\t\t\t\t\t\t\t\t\t\t\t\t\t<span>Capacidad para hasta 3\u00a0hu\u00e9spedes<\/span>\n\t\t\t\t\t\t\t<\/div>\n\t\t\t\t\t\t<\/div>\n\t\t\t\t\t\t\t\t\t<\/fieldset>\n\t\t\t\t<fieldset class=\"customer\">\n\t\t\t\t\t<legend>Informaci\u00f3n personal<\/legend>\n\t\t\t\t\t<label>\n\t\t\t\t\t\tNombre completo<br>\n\t\t\t\t\t\t<input\n\t\t\t\t\t\t\ttype=\"text\"\n\t\t\t\t\t\t\tname=\"name\"\n\t\t\t\t\t\t\tautocomplete=\"name\"\n\t\t\t\t\t\t\tplaceholder=\"Nombre Apellido Apellido\"\n\t\t\t\t\t\t\trequired\n\t\t\t\t\t\t><br>\n\t\t\t\t\t<\/label>\n\t\t\t\t\t<label>\n\t\t\t\t\t\tDirecci\u00f3n de correo electr\u00f3nico<br>\n\t\t\t\t\t\t<input\n\t\t\t\t\t\t\ttype=\"email\"\n\t\t\t\t\t\t\tname=\"email\"\n\t\t\t\t\t\t\tautocomplete=\"email\"\n\t\t\t\t\t\t\tplaceholder=\"correo@example.com\"\n\t\t\t\t\t\t\trequired\n\t\t\t\t\t\t><br>\n\t\t\t\t\t<\/label>\n\t\t\t\t\t<label>\n\t\t\t\t\t\tTel\u00e9fono<br>\n\t\t\t\t\t\t<input\n\t\t\t\t\t\t\ttype=\"tel\"\n\t\t\t\t\t\t\tname=\"phone\"\n\t\t\t\t\t\t\tplaceholder=\"678 901 234\"\n\t\t\t\t\t\t\tautocomplete=\"tel\"\n\t\t\t\t\t\t\trequired\n\t\t\t\t\t\t><br>\n\t\t\t\t\t<\/label>\n\t\t\t\t\t<label>\n\t\t\t\t\t\tN\u00famero de hu\u00e9spedes de 17\u00a0a\u00f1os o m\u00e1s\t\t\t\t\t\t<select\n\t\t\t\t\t\t\tname=\"adults\">\n\t\t\t\t\t\t\t<option value=\"0\">1<\/option>\n\t\t\t\t\t\t<\/select>\n\t\t\t\t\t<\/label>\n\t\t\t\t\t<label>\n\t\t\t\t\t\tComentarios (opcional)\t\t\t\t\t\t<textarea name=\"comments\" rows=\"3\"><\/textarea>\n\t\t\t\t\t<\/label>\n\t\t\t\t<\/fieldset>\n\t\t\t\t<fieldset class=\"payment\">\n\t\t\t\t\t<legend>Pago<\/legend>\n\t\t\t\t\t<div class=\"payment-elements\"><\/div>\n\t\t\t\t<\/fieldset>\n\t\t\t\t<label>\n\t\t\t\t\t<input type=\"checkbox\"\n\t\t\t\t\t\tname=\"acceptance\"\n\t\t\t\t\t\trequired\n\t\t\t\t\t>\n\t\t\t\t\tHe le\u00eddo y acepto <a href=\"https:\/\/canparesrural.cat\/es\/aviso-legal-y-politica-de-privacidad\/\" target=\"_blank\">las condiciones de contracto y la pol\u00edtica de privacidad<\/a>\t\t\t\t<\/label>\n\t\t\t<\/fieldset>\n\t\t\t<footer>\n\t\t\t<\/footer>\n\t\t<\/form>\n\t<\/div>\nPOL\u00cdTICA PRIVACITAT Responsable: Identitat: ANNA PAR\u00c9S SASANEDAS amb NIF 40348893 Q situada al carrer Can Par\u00e9s sn 17150 Sant Gregori, Tel\u00e8fon: +34 696 04 72 56 i Correu electr\u00f2nic: info@canparesrural.com En nom de l&#8217;empresa tractem la informaci\u00f3 que ens facilita amb la finalitat d&#8217;enviar-li publicitat relacionada amb els nostres [&hellip;]<\/p>\n","protected":false},"author":4,"featured_media":0,"parent":0,"menu_order":0,"comment_status":"closed","ping_status":"closed","template":"","meta":{"_et_pb_use_builder":"on","_et_pb_old_content":"","_et_gb_content_width":"","footnotes":""},"class_list":["post-1089","page","type-page","status-publish","hentry"],"_links":{"self":[{"href":"https:\/\/canparesrural.cat\/es\/wp-json\/wp\/v2\/pages\/1089","targetHints":{"allow":["GET"]}}],"collection":[{"href":"https:\/\/canparesrural.cat\/es\/wp-json\/wp\/v2\/pages"}],"about":[{"href":"https:\/\/canparesrural.cat\/es\/wp-json\/wp\/v2\/types\/page"}],"author":[{"embeddable":true,"href":"https:\/\/canparesrural.cat\/es\/wp-json\/wp\/v2\/users\/4"}],"replies":[{"embeddable":true,"href":"https:\/\/canparesrural.cat\/es\/wp-json\/wp\/v2\/comments?post=1089"}],"version-history":[{"count":59,"href":"https:\/\/canparesrural.cat\/es\/wp-json\/wp\/v2\/pages\/1089\/revisions"}],"predecessor-version":[{"id":2218,"href":"https:\/\/canparesrural.cat\/es\/wp-json\/wp\/v2\/pages\/1089\/revisions\/2218"}],"wp:attachment":[{"href":"https:\/\/canparesrural.cat\/es\/wp-json\/wp\/v2\/media?parent=1089"}],"curies":[{"name":"wp","href":"https:\/\/api.w.org\/{rel}","templated":true}]}}