{"id":1269,"date":"2018-07-02T15:52:48","date_gmt":"2018-07-02T14:52:48","guid":{"rendered":"http:\/\/canparesrural.com\/?page_id=1269"},"modified":"2018-07-10T10:26:59","modified_gmt":"2018-07-10T09:26:59","slug":"esmorzars","status":"publish","type":"page","link":"https:\/\/canparesrural.cat\/es\/esmorzars\/","title":{"rendered":"Esmorzars"},"content":{"rendered":"<p>[et_pb_section bb_built=&#8221;1&#8243; _builder_version=&#8221;3.7.1&#8243; background_image=&#8221;http:\/\/canparesrural.com\/wp-content\/uploads\/2018\/07\/CANPARES_ESMORZARS_fons.jpg&#8221; next_background_color=&#8221;#ffffff&#8221; parallax=&#8221;on&#8221; custom_margin=&#8221;||0px|&#8221; custom_padding=&#8221;||0px|&#8221;][et_pb_row _builder_version=&#8221;3.7.1&#8243; padding_top_1=&#8221;30px&#8221; padding_right_1=&#8221;30px&#8221; padding_bottom_1=&#8221;30px&#8221; padding_left_1=&#8221;30px&#8221; background_color_1=&#8221;#ffd04d&#8221; use_custom_gutter=&#8221;on&#8221; gutter_width=&#8221;1&#8243; custom_css_main_1=&#8221;top: 30px;&#8221; custom_margin=&#8221;0px|||&#8221; custom_padding=&#8221;0px|||&#8221; padding_top_3=&#8221;30px&#8221; background_size=&#8221;initial&#8221; parallax=&#8221;on&#8221;][et_pb_column type=&#8221;1_4&#8243;][et_pb_text admin_label=&#8221;HABITACI\u00d3&#8221; _builder_version=&#8221;3.7.1&#8243; background_layout=&#8221;dark&#8221; text_font_size=&#8221;20px&#8221;]<\/p>\n<p>VARIETAT DE<\/p>\n<p>[\/et_pb_text][et_pb_blurb _builder_version=&#8221;3.7.1&#8243; title=&#8221;Esmorzars&#8221; header_level=&#8221;h3&#8243; header_text_color=&#8221;#ffffff&#8221; header_font_size=&#8221;36&#8243; body_font_size=&#8221;16&#8243; header_font=&#8221;Nexa Bold||||||||&#8221; header_text_align=&#8221;left&#8221; body_text_align=&#8221;center&#8221; content_max_width=&#8221;100%&#8221; custom_margin=&#8221;0px||0px|&#8221; custom_padding=&#8221;0px||0px|&#8221; background_layout=&#8221;dark&#8221; \/][et_pb_divider _builder_version=&#8221;3.2.2&#8243; color=&#8221;#ffffff&#8221; divider_weight=&#8221;5&#8243; max_width=&#8221;70px&#8221; module_alignment=&#8221;left&#8221; custom_margin=&#8221;0px||0px|&#8221; custom_padding=&#8221;0px||0px|&#8221; \/][et_pb_text _builder_version=&#8221;3.7.1&#8243; text_font_size=&#8221;16px&#8221; text_text_color=&#8221;#000000&#8243; text_line_height=&#8221;1.5em&#8221; custom_padding=&#8221;10px|||&#8221;]<\/p>\n<p>A Can Par\u00e9s ens agrada encetar el dia amb un bon esmorzar ben carregat d\u2019energia i vitamines.<br \/>\nUs animem a fer un \u00e0pat saludable i energ\u00e8tic!<\/p>\n<p>[\/et_pb_text][\/et_pb_column][et_pb_column type=&#8221;1_2&#8243;][et_pb_gallery _builder_version=&#8221;3.7.1&#8243; gallery_ids=&#8221;1271,1272,1273,1274,1276,1279,1278,1275&#8243; fullwidth=&#8221;on&#8221; zoom_icon_color=&#8221;#cad55b&#8221; hover_overlay_color=&#8221;rgba(255,255,255,0.9)&#8221; custom_margin=&#8221;150px|||&#8221; background_layout=&#8221;dark&#8221; auto=&#8221;on&#8221; auto_speed=&#8221;5000&#8243; \/][\/et_pb_column][et_pb_column type=&#8221;1_4&#8243;][et_pb_blurb _builder_version=&#8221;3.7.1&#8243; title=&#8221;PER COMEN\u00c7AR&#8221; header_text_color=&#8221;#ffbb00&#8243; background_color=&#8221;#ffffff&#8221; header_font=&#8221;Nexa Bold|||on|||||&#8221; custom_padding=&#8221;40px|30px|40px|30px&#8221; body_line_height=&#8221;1.6em&#8221; custom_margin=&#8221;||40px|&#8221;]<\/p>\n<p>Fruites de temporada, cereals, l\u00e0ctics i suc de taronja natural. Unes bones torrades sucades amb tomata i embotits del poble ve\u00ed d\u2019Adri, o b\u00e9 amb melmelades fetes per nosaltres mateixos per assaborir els gustos t\u00edpics de la zona.<\/p>\n<p>[\/et_pb_blurb][et_pb_blurb _builder_version=&#8221;3.7.1&#8243; title=&#8221;I PER ACABAR&#8221; header_text_color=&#8221;#ffbb00&#8243; background_color=&#8221;#ffffff&#8221; header_font=&#8221;Nexa Bold|||on|||||&#8221; custom_padding=&#8221;40px|30px|40px|30px&#8221; custom_margin=&#8221;90px|||&#8221; body_line_height=&#8221;1.6em&#8221;]<\/p>\n<p>Un caf\u00e8, un te o un cacau acompanyar\u00e0 la part m\u00e9s llaminera de l\u2019esmorzar. Us assegurem que amb un tros dels nostres dol\u00e7os casolans no tindreu cap altra opci\u00f3 que comen\u00e7ar la jornada amb el millor dels somriures.<\/p>\n<p>[\/et_pb_blurb][\/et_pb_column][\/et_pb_row][et_pb_row _builder_version=&#8221;3.3.1&#8243; custom_margin=&#8221;0px|0px|0px|0px&#8221; custom_padding=&#8221;0px|0px|0px|0px&#8221; make_fullwidth=&#8221;on&#8221; use_custom_gutter=&#8221;on&#8221; gutter_width=&#8221;1&#8243; padding_top_1=&#8221;0px&#8221; padding_bottom_1=&#8221;0px&#8221;][et_pb_column type=&#8221;4_4&#8243;][et_pb_image _builder_version=&#8221;3.3.1&#8243; src=&#8221;http:\/\/canparesrural.com\/wp-content\/uploads\/2018\/05\/franja_modul_entorn_inferior-01.png&#8221; custom_margin=&#8221;0px|0px|0px|0px&#8221; custom_padding=&#8221;0px|0px|0px|0px&#8221; \/][\/et_pb_column][\/et_pb_row][\/et_pb_section][et_pb_section bb_built=&#8221;1&#8243; specialty=&#8221;off&#8221; prev_background_color=&#8221;#000000&#8243; _builder_version=&#8221;3.7.1&#8243; custom_margin=&#8221;||0px|&#8221; custom_padding=&#8221;30px||50px|&#8221; next_background_color=&#8221;#000000&#8243;][et_pb_row _builder_version=&#8221;3.2.2&#8243;][et_pb_column type=&#8221;1_4&#8243;][et_pb_image _builder_version=&#8221;3.7.1&#8243; src=&#8221;http:\/\/canparesrural.com\/wp-content\/uploads\/2018\/06\/CANPARES_Icone_Can_Pares.png&#8221; max_width=&#8221;400px&#8221; custom_margin=&#8221;|35px||&#8221; url=&#8221;http:\/\/canparesrural.com\/can-pares\/&#8221; \/][et_pb_cta admin_label=&#8221;Can Par\u00e9s&#8221; _builder_version=&#8221;3.7.1&#8243; title=&#8221;Can Par\u00e9s&#8221; button_text=&#8221;Visita-la&#8221; button_url=&#8221;http:\/\/canparesrural.com\/can-pares\/&#8221; header_level=&#8221;h3&#8243; header_font=&#8221;Nexa Bold|700|||||||&#8221; header_text_align=&#8221;center&#8221; header_text_color=&#8221;#89991d&#8221; body_text_align=&#8221;center&#8221; custom_button=&#8221;on&#8221; button_text_color=&#8221;#89991d&#8221; button_border_color=&#8221;#89991d&#8221; button_border_radius=&#8221;50&#8243; button_icon=&#8221;%%20%%&#8221; button_icon_color=&#8221;#ffffff&#8221; button_text_color_hover=&#8221;#ffffff&#8221; button_border_color_hover=&#8221;#89991d&#8221; button_border_radius_hover=&#8221;50&#8243; button_alignment=&#8221;center&#8221; use_background_color=&#8221;off&#8221; background_layout=&#8221;light&#8221; header_font_size=&#8221;30&#8243; body_font_size=&#8221;16&#8243; button_bg_color_hover=&#8221;#89991d&#8221; button_font=&#8221;|700|||||||&#8221;]<\/p>\n<p>Tres habitacions, cuina, menjador, sala d&#8217;estar, terrassa i jard\u00ed.<\/p>\n<p>[\/et_pb_cta][\/et_pb_column][et_pb_column type=&#8221;1_4&#8243;][et_pb_image _builder_version=&#8221;3.7.1&#8243; src=&#8221;http:\/\/canparesrural.com\/wp-content\/uploads\/2018\/06\/CANPARES_Icone_ElTaller.png&#8221; max_width=&#8221;400px&#8221; custom_margin=&#8221;|35px||&#8221; url=&#8221;http:\/\/canparesrural.com\/habitacio-el-taller\/&#8221; \/][et_pb_cta admin_label=&#8221;El Taller&#8221; _builder_version=&#8221;3.7.1&#8243; title=&#8221;El Taller&#8221; button_text=&#8221;Visita-la&#8221; button_url=&#8221;http:\/\/canparesrural.com\/habitacio-el-taller\/&#8221; header_level=&#8221;h3&#8243; header_font=&#8221;Nexa Bold|700|||||||&#8221; header_text_align=&#8221;center&#8221; header_text_color=&#8221;#757676&#8243; body_text_align=&#8221;center&#8221; custom_button=&#8221;on&#8221; button_text_color=&#8221;#757676&#8243; button_border_color=&#8221;#757676&#8243; button_border_radius=&#8221;50&#8243; button_icon=&#8221;%%20%%&#8221; button_icon_color=&#8221;#ffffff&#8221; button_text_color_hover=&#8221;#ffffff&#8221; button_border_color_hover=&#8221;#757676&#8243; button_border_radius_hover=&#8221;50&#8243; button_alignment=&#8221;center&#8221; use_background_color=&#8221;off&#8221; background_layout=&#8221;light&#8221; header_font_size=&#8221;30&#8243; body_font_size=&#8221;16&#8243; button_bg_color=&#8221;#ffffff&#8221; button_bg_color_hover=&#8221;#757676&#8243; button_font=&#8221;|700|||||||&#8221;]<\/p>\n<p>Habitaci\u00f3 fins a 4 persones.<br \/>\nBany complet amb banyera. Calefacci\u00f3<\/p>\n<p>[\/et_pb_cta][\/et_pb_column][et_pb_column type=&#8221;1_4&#8243;][et_pb_image _builder_version=&#8221;3.7.1&#8243; src=&#8221;http:\/\/canparesrural.com\/wp-content\/uploads\/2018\/06\/CANPARES_Icone_LesFigues-1.png&#8221; max_width=&#8221;400px&#8221; custom_margin=&#8221;|35px||&#8221; url=&#8221;http:\/\/canparesrural.com\/habitacio-les-figues\/&#8221; \/][et_pb_cta admin_label=&#8221;Les Figues&#8221; _builder_version=&#8221;3.7.1&#8243; title=&#8221;Les Figues&#8221; button_text=&#8221;Visita-la&#8221; button_url=&#8221;http:\/\/canparesrural.com\/habitacio-les-figues\/&#8221; header_level=&#8221;h3&#8243; header_font=&#8221;Nexa Bold|700|||||||&#8221; header_text_align=&#8221;center&#8221; header_text_color=&#8221;#669185&#8243; body_text_align=&#8221;center&#8221; custom_button=&#8221;on&#8221; button_text_color=&#8221;#669185&#8243; button_border_color=&#8221;#669185&#8243; button_border_radius=&#8221;50&#8243; button_icon=&#8221;%%20%%&#8221; button_icon_color=&#8221;#ffffff&#8221; button_text_color_hover=&#8221;#ffffff&#8221; button_border_color_hover=&#8221;#669185&#8243; button_border_radius_hover=&#8221;50&#8243; button_alignment=&#8221;center&#8221; use_background_color=&#8221;off&#8221; background_layout=&#8221;light&#8221; header_font_size=&#8221;30&#8243; body_font_size=&#8221;16&#8243; button_bg_color=&#8221;rgba(255,255,255,0)&#8221; button_bg_color_hover=&#8221;#669185&#8243;]<\/p>\n<p>Habitaci\u00f3 fins a 4 persones.<br \/>\nBany complet amb banyera. Calefacci\u00f3<\/p>\n<p>[\/et_pb_cta][\/et_pb_column][et_pb_column type=&#8221;1_4&#8243;][et_pb_image _builder_version=&#8221;3.7.1&#8243; src=&#8221;http:\/\/canparesrural.com\/wp-content\/uploads\/2018\/06\/CANPARES_Icone_Les-Nous-1.png&#8221; max_width=&#8221;400px&#8221; custom_margin=&#8221;|35px||&#8221; url=&#8221;http:\/\/canparesrural.com\/habitacio-les-nous\/&#8221; \/][et_pb_cta admin_label=&#8221;Les Nous&#8221; _builder_version=&#8221;3.7.1&#8243; title=&#8221;Les Nous&#8221; button_text=&#8221;Visita-la&#8221; button_url=&#8221;http:\/\/canparesrural.com\/habitacio-les-nous\/&#8221; header_level=&#8221;h3&#8243; header_font=&#8221;Nexa Bold|700|||||||&#8221; header_text_align=&#8221;center&#8221; header_text_color=&#8221;#ae9272&#8243; body_text_align=&#8221;center&#8221; custom_button=&#8221;on&#8221; button_text_color=&#8221;#ae9272&#8243; button_border_color=&#8221;#ae9272&#8243; button_border_radius=&#8221;50&#8243; button_icon=&#8221;%%20%%&#8221; button_icon_color=&#8221;#ffffff&#8221; button_text_color_hover=&#8221;#ffffff&#8221; button_border_color_hover=&#8221;#ae9272&#8243; button_border_radius_hover=&#8221;50&#8243; button_alignment=&#8221;center&#8221; use_background_color=&#8221;off&#8221; background_layout=&#8221;light&#8221; header_font_size=&#8221;30&#8243; body_font_size=&#8221;16&#8243; button_bg_color_hover=&#8221;#ae9272&#8243; button_font=&#8221;|700|||||||&#8221;]<\/p>\n<p>Habitaci\u00f3 fins a 3 persones.<br \/>\nBany complet amb banyera. Calefacci\u00f3<\/p>\n<p>[\/et_pb_cta][\/et_pb_column][\/et_pb_row][\/et_pb_section][et_pb_section bb_built=&#8221;1&#8243; _builder_version=&#8221;3.2.2&#8243; custom_margin=&#8221;0px||0px|&#8221; custom_padding=&#8221;0px||0px|&#8221; prev_background_color=&#8221;#000000&#8243;][et_pb_row _builder_version=&#8221;3.7.1&#8243; custom_margin=&#8221;0px|0px||0px&#8221; custom_padding=&#8221;0px|0px||0px&#8221; make_fullwidth=&#8221;on&#8221; use_custom_gutter=&#8221;on&#8221; gutter_width=&#8221;1&#8243; padding_top_1=&#8221;0px&#8221; padding_bottom_1=&#8221;0px&#8221; custom_css_main_element=&#8221;z-index: 9999;&#8221;][et_pb_column type=&#8221;4_4&#8243;][et_pb_image _builder_version=&#8221;3.7.1&#8243; src=&#8221;http:\/\/canparesrural.com\/wp-content\/uploads\/2018\/05\/franja_modul_entorn_superior.svg&#8221; custom_margin=&#8221;0px|0px||0px&#8221; custom_padding=&#8221;0px|0px||0px&#8221; \/][\/et_pb_column][\/et_pb_row][et_pb_row _builder_version=&#8221;3.3.1&#8243; custom_margin=&#8221;0px||0px|&#8221; custom_padding=&#8221;0px||0px|&#8221; make_fullwidth=&#8221;on&#8221; use_custom_gutter=&#8221;on&#8221; gutter_width=&#8221;1&#8243; custom_css_main_element=&#8221;z-index: 8888;||height: 55vh;||top: -100px;&#8221;][et_pb_column type=&#8221;4_4&#8243;][et_pb_slider _builder_version=&#8221;3.7.1&#8243; custom_padding=&#8221;300px||350px|&#8221; background_position=&#8221;bottom_center&#8221; auto=&#8221;on&#8221; auto_speed=&#8221;5000&#8243;][et_pb_slide _builder_version=&#8221;3.7.1&#8243; button_link=&#8221;#&#8221; background_color=&#8221;#cad55b&#8221; use_background_color_gradient=&#8221;off&#8221; background_color_gradient_start=&#8221;#2b87da&#8221; background_color_gradient_end=&#8221;#29c4a9&#8243; background_color_gradient_type=&#8221;linear&#8221; background_color_gradient_direction=&#8221;180deg&#8221; background_color_gradient_direction_radial=&#8221;center&#8221; background_color_gradient_start_position=&#8221;0%&#8221; background_color_gradient_end_position=&#8221;100%&#8221; background_color_gradient_overlays_image=&#8221;off&#8221; background_image=&#8221;http:\/\/canparesrural.com\/wp-content\/uploads\/2018\/07\/CAN_PARES_casa_turisme_rural_menjador_esmorzars.jpg&#8221; parallax=&#8221;off&#8221; parallax_method=&#8221;on&#8221; background_size=&#8221;cover&#8221; background_position=&#8221;center&#8221; background_repeat=&#8221;no-repeat&#8221; background_blend=&#8221;normal&#8221; allow_player_pause=&#8221;off&#8221; background_video_pause_outside_viewport=&#8221;on&#8221; use_bg_overlay=&#8221;off&#8221; use_text_overlay=&#8221;off&#8221; text_border_radius=&#8221;3&#8243; alignment=&#8221;center&#8221; child_filter_hue_rotate=&#8221;0deg&#8221; child_filter_saturate=&#8221;100%&#8221; child_filter_brightness=&#8221;100%&#8221; child_filter_contrast=&#8221;100%&#8221; child_filter_invert=&#8221;0%&#8221; child_filter_sepia=&#8221;0%&#8221; child_filter_opacity=&#8221;100%&#8221; child_filter_blur=&#8221;0px&#8221; child_mix_blend_mode=&#8221;normal&#8221; background_layout=&#8221;dark&#8221; text_shadow_style=&#8221;none&#8221; header_text_shadow_style=&#8221;none&#8221; body_text_shadow_style=&#8221;none&#8221; custom_button=&#8221;off&#8221; button_bg_use_color_gradient=&#8221;off&#8221; button_bg_color_gradient_overlays_image=&#8221;off&#8221; button_use_icon=&#8221;on&#8221; button_on_hover=&#8221;on&#8221; button_text_shadow_style=&#8221;none&#8221; box_shadow_style_button=&#8221;none&#8221; text_shadow_horizontal_length=&#8221;0em&#8221; text_shadow_vertical_length=&#8221;0em&#8221; text_shadow_blur_strength=&#8221;0em&#8221; header_text_shadow_horizontal_length=&#8221;0em&#8221; header_text_shadow_vertical_length=&#8221;0em&#8221; header_text_shadow_blur_strength=&#8221;0em&#8221; body_text_shadow_horizontal_length=&#8221;0em&#8221; body_text_shadow_vertical_length=&#8221;0em&#8221; body_text_shadow_blur_strength=&#8221;0em&#8221; button_text_shadow_horizontal_length=&#8221;0em&#8221; button_text_shadow_vertical_length=&#8221;0em&#8221; button_text_shadow_blur_strength=&#8221;0em&#8221; \/][et_pb_slide _builder_version=&#8221;3.7.1&#8243; button_link=&#8221;#&#8221; background_color=&#8221;#cad55b&#8221; use_background_color_gradient=&#8221;off&#8221; background_color_gradient_start=&#8221;#2b87da&#8221; background_color_gradient_end=&#8221;#29c4a9&#8243; background_color_gradient_type=&#8221;linear&#8221; background_color_gradient_direction=&#8221;180deg&#8221; background_color_gradient_direction_radial=&#8221;center&#8221; background_color_gradient_start_position=&#8221;0%&#8221; background_color_gradient_end_position=&#8221;100%&#8221; background_color_gradient_overlays_image=&#8221;off&#8221; background_image=&#8221;http:\/\/canparesrural.com\/wp-content\/uploads\/2018\/06\/CAN_PARES_casa_turisme_rural_slide_3.jpg&#8221; parallax=&#8221;off&#8221; parallax_method=&#8221;on&#8221; background_size=&#8221;cover&#8221; background_position=&#8221;center&#8221; background_repeat=&#8221;no-repeat&#8221; background_blend=&#8221;normal&#8221; allow_player_pause=&#8221;off&#8221; background_video_pause_outside_viewport=&#8221;on&#8221; use_bg_overlay=&#8221;off&#8221; use_text_overlay=&#8221;off&#8221; text_border_radius=&#8221;3&#8243; alignment=&#8221;center&#8221; child_filter_hue_rotate=&#8221;0deg&#8221; child_filter_saturate=&#8221;100%&#8221; child_filter_brightness=&#8221;100%&#8221; child_filter_contrast=&#8221;100%&#8221; child_filter_invert=&#8221;0%&#8221; child_filter_sepia=&#8221;0%&#8221; child_filter_opacity=&#8221;100%&#8221; child_filter_blur=&#8221;0px&#8221; child_mix_blend_mode=&#8221;normal&#8221; background_layout=&#8221;dark&#8221; text_shadow_style=&#8221;none&#8221; header_text_shadow_style=&#8221;none&#8221; body_text_shadow_style=&#8221;none&#8221; custom_button=&#8221;off&#8221; button_bg_use_color_gradient=&#8221;off&#8221; button_bg_color_gradient_overlays_image=&#8221;off&#8221; button_use_icon=&#8221;on&#8221; button_on_hover=&#8221;on&#8221; button_text_shadow_style=&#8221;none&#8221; box_shadow_style_button=&#8221;none&#8221; text_shadow_horizontal_length=&#8221;0em&#8221; text_shadow_vertical_length=&#8221;0em&#8221; text_shadow_blur_strength=&#8221;0em&#8221; header_text_shadow_horizontal_length=&#8221;0em&#8221; header_text_shadow_vertical_length=&#8221;0em&#8221; header_text_shadow_blur_strength=&#8221;0em&#8221; body_text_shadow_horizontal_length=&#8221;0em&#8221; body_text_shadow_vertical_length=&#8221;0em&#8221; body_text_shadow_blur_strength=&#8221;0em&#8221; button_text_shadow_horizontal_length=&#8221;0em&#8221; button_text_shadow_vertical_length=&#8221;0em&#8221; button_text_shadow_blur_strength=&#8221;0em&#8221; \/][\/et_pb_slider][\/et_pb_column][\/et_pb_row][\/et_pb_section]<\/p>\n","protected":false},"excerpt":{"rendered":"<p>VARIETAT DE A Can Par\u00e9s ens agrada encetar el dia amb un bon esmorzar ben carregat d\u2019energia i vitamines. Us animem a fer un \u00e0pat saludable i energ\u00e8tic! Fruites de temporada, cereals, l\u00e0ctics i suc de taronja natural. Unes bones torrades sucades amb tomata i embotits del poble ve\u00ed d\u2019Adri, o b\u00e9 amb melmelades fetes [&hellip;]<\/p>\n","protected":false},"author":3,"featured_media":0,"parent":0,"menu_order":0,"comment_status":"closed","ping_status":"closed","template":"","meta":{"_et_pb_use_builder":"on","_et_pb_old_content":"","_et_gb_content_width":"","footnotes":""},"class_list":["post-1269","page","type-page","status-publish","hentry"],"_links":{"self":[{"href":"https:\/\/canparesrural.cat\/es\/wp-json\/wp\/v2\/pages\/1269","targetHints":{"allow":["GET"]}}],"collection":[{"href":"https:\/\/canparesrural.cat\/es\/wp-json\/wp\/v2\/pages"}],"about":[{"href":"https:\/\/canparesrural.cat\/es\/wp-json\/wp\/v2\/types\/page"}],"author":[{"embeddable":true,"href":"https:\/\/canparesrural.cat\/es\/wp-json\/wp\/v2\/users\/3"}],"replies":[{"embeddable":true,"href":"https:\/\/canparesrural.cat\/es\/wp-json\/wp\/v2\/comments?post=1269"}],"version-history":[{"count":16,"href":"https:\/\/canparesrural.cat\/es\/wp-json\/wp\/v2\/pages\/1269\/revisions"}],"predecessor-version":[{"id":1522,"href":"https:\/\/canparesrural.cat\/es\/wp-json\/wp\/v2\/pages\/1269\/revisions\/1522"}],"wp:attachment":[{"href":"https:\/\/canparesrural.cat\/es\/wp-json\/wp\/v2\/media?parent=1269"}],"curies":[{"name":"wp","href":"https:\/\/api.w.org\/{rel}","templated":true}]}}