{"id":1295,"date":"2018-07-02T16:21:10","date_gmt":"2018-07-02T15:21:10","guid":{"rendered":"http:\/\/canparesrural.com\/?page_id=1295"},"modified":"2018-07-10T10:08:28","modified_gmt":"2018-07-10T09:08:28","slug":"espais-per-a-bicicletes","status":"publish","type":"page","link":"https:\/\/canparesrural.cat\/es\/espacios-para-bicicletas\/","title":{"rendered":"espacios para Bicicletas"},"content":{"rendered":"<p>[et_pb_section bb_built=&#8221;1&#8243; specialty=&#8221;off&#8221; _builder_version=&#8221;3.7.1&#8243; background_image=&#8221;http:\/\/canparesrural.com\/wp-content\/uploads\/2018\/05\/CANPARES_INICI_Fons_modul_Parquing_bicis_1.jpg&#8221; background_color=&#8221;rgba(255,255,255,0)&#8221; custom_css_main_element=&#8221;z-index: 999;&#8221; custom_padding=&#8221;0px||0px|&#8221; parallax=&#8221;on&#8221; parallax_method=&#8221;off&#8221; custom_margin=&#8221;0px||0px|&#8221; next_background_color=&#8221;#ffffff&#8221;][et_pb_row _builder_version=&#8221;3.7.1&#8243; padding_top_1=&#8221;40px&#8221; padding_right_1=&#8221;20px&#8221; padding_bottom_1=&#8221;20px&#8221; padding_left_1=&#8221;20px&#8221; background_color_1=&#8221;#74c0d7&#8243; use_custom_gutter=&#8221;on&#8221; gutter_width=&#8221;1&#8243; custom_css_main_1=&#8221;top: 50px;&#8221; background_color_3=&#8221;#7f8182&#8243;][et_pb_column type=&#8221;1_4&#8243;][et_pb_blurb _builder_version=&#8221;3.7.1&#8243; title=&#8221;Espai per a bicicletes&#8221; header_level=&#8221;h3&#8243; header_text_color=&#8221;#ffffff&#8221; header_font_size=&#8221;30&#8243; body_font_size=&#8221;16&#8243; header_font=&#8221;Nexa Bold||||||||&#8221; header_text_align=&#8221;left&#8221; body_text_align=&#8221;center&#8221; content_max_width=&#8221;100%&#8221; custom_margin=&#8221;0px||0px|&#8221; custom_padding=&#8221;0px|20px|0px|20px&#8221; background_layout=&#8221;dark&#8221; \/][et_pb_divider _builder_version=&#8221;3.3.1&#8243; color=&#8221;#ffffff&#8221; divider_weight=&#8221;5&#8243; max_width=&#8221;70px&#8221; module_alignment=&#8221;left&#8221; custom_margin=&#8221;0px||0px|&#8221; custom_padding=&#8221;0px|20px|0px|20px&#8221; \/][et_pb_text _builder_version=&#8221;3.7.1&#8243; text_font_size=&#8221;16px&#8221; text_text_color=&#8221;#00133d&#8221; custom_padding=&#8221;|20px|20px|20px&#8221;]<\/p>\n<p>Ens agrada el m\u00f3n de la bicicleta i ens agrada que ens visiti gent a qui li apassiona aquest esport.<br \/>\nPer aix\u00f2 us hem adaptat un antic magatzem de la casa per a poder guardar les bicicletes i fer petites reparacions, si cal.<\/p>\n<p>[\/et_pb_text][\/et_pb_column][et_pb_column type=&#8221;1_2&#8243;][et_pb_gallery _builder_version=&#8221;3.7.1&#8243; gallery_ids=&#8221;1296,1174,1175&#8243; fullwidth=&#8221;on&#8221; zoom_icon_color=&#8221;#cad55b&#8221; hover_overlay_color=&#8221;rgba(255,255,255,0.9)&#8221; custom_margin=&#8221;150px|||&#8221; background_layout=&#8221;dark&#8221; auto=&#8221;on&#8221; auto_speed=&#8221;5000&#8243; \/][\/et_pb_column][et_pb_column type=&#8221;1_4&#8243;][et_pb_text _builder_version=&#8221;3.7.1&#8243; background_layout=&#8221;dark&#8221; custom_padding=&#8221;40px|40px|0px|40px&#8221; text_font_size=&#8221;16px&#8221;]<\/p>\n<p>Trobareu a la vostra disposici\u00f3:<br \/>\n\u00b7 Manxa d\u2019aire<br \/>\n\u00b7 Alguns recanvis per a la bici<br \/>\n\u00b7 Punt d\u2019aigua pel rentat<br \/>\n\u00b7 Estructura per penjar la bicicleta<\/p>\n<p>[\/et_pb_text][et_pb_image _builder_version=&#8221;3.3.1&#8243; src=&#8221;http:\/\/canparesrural.com\/wp-content\/uploads\/2018\/05\/Icones_Parquing_BTT.svg&#8221; custom_padding=&#8221;20px|40px|40px|40px&#8221; max_width=&#8221;80%&#8221; \/][\/et_pb_column][\/et_pb_row][et_pb_row _builder_version=&#8221;3.7.1&#8243; custom_margin=&#8221;0px|0px|0px|0px&#8221; custom_padding=&#8221;0px|0px|0px|0px&#8221; make_fullwidth=&#8221;on&#8221; use_custom_gutter=&#8221;on&#8221; gutter_width=&#8221;1&#8243; padding_top_1=&#8221;0px&#8221; padding_right_1=&#8221;0px&#8221; padding_bottom_1=&#8221;0px&#8221; padding_left_1=&#8221;0px&#8221;][et_pb_column type=&#8221;4_4&#8243;][et_pb_image _builder_version=&#8221;3.7.1&#8243; src=&#8221;http:\/\/canparesrural.com\/wp-content\/uploads\/2018\/05\/franja_modul_entorn_inferior.svg&#8221; custom_margin=&#8221;0px|0px|0px|0px&#8221; custom_padding=&#8221;0px|0px|0px|0px&#8221; max_width_tablet=&#8221;120%&#8221; max_width_last_edited=&#8221;on|phone&#8221; \/][\/et_pb_column][\/et_pb_row][\/et_pb_section][et_pb_section bb_built=&#8221;1&#8243; specialty=&#8221;off&#8221; prev_background_color=&#8221;rgba(255,255,255,0)&#8221; _builder_version=&#8221;3.7.1&#8243; background_image=&#8221;http:\/\/canparesrural.com\/wp-content\/uploads\/2018\/07\/CANPARES_ENTORN_Fons_3.jpg&#8221; custom_margin=&#8221;0px||0px|&#8221; custom_padding=&#8221;0px||70px|&#8221; parallax=&#8221;on&#8221; parallax_method=&#8221;off&#8221;][et_pb_row _builder_version=&#8221;3.3.1&#8243; custom_padding=&#8221;50px|||&#8221;][et_pb_column type=&#8221;4_4&#8243;][et_pb_blurb _builder_version=&#8221;3.7.1&#8243; title=&#8221;Espais de Can Par\u00e9s&#8221; header_level=&#8221;h3&#8243; header_text_color=&#8221;#80bfe6&#8243; header_font_size=&#8221;36&#8243; body_font_size=&#8221;16&#8243; text_orientation=&#8221;center&#8221; header_font=&#8221;Nexa Bold||||||||&#8221; header_text_align=&#8221;center&#8221; body_text_align=&#8221;center&#8221; content_max_width=&#8221;90%&#8221; custom_margin=&#8221;0px||0px|&#8221; custom_padding=&#8221;0px||0px|&#8221; \/][et_pb_divider _builder_version=&#8221;3.7.1&#8243; divider_weight=&#8221;5&#8243; max_width=&#8221;70px&#8221; module_alignment=&#8221;center&#8221; custom_margin=&#8221;0px||0px|&#8221; custom_padding=&#8221;0px||0px|&#8221; color=&#8221;#80bfe6&#8243; \/][\/et_pb_column][\/et_pb_row][et_pb_row _builder_version=&#8221;3.3.1&#8243; use_custom_gutter=&#8221;on&#8221; gutter_width=&#8221;2&#8243;][et_pb_column type=&#8221;1_3&#8243;][et_pb_gallery admin_label=&#8221;Can Par\u00e9s&#8221; _builder_version=&#8221;3.7.1&#8243; gallery_ids=&#8221;1163,1164,1165,1166,1167&#8243; posts_number=&#8221;99&#8243; show_title_and_caption=&#8221;off&#8221; fullwidth=&#8221;on&#8221; zoom_icon_color=&#8221;#cad55b&#8221; hover_overlay_color=&#8221;rgba(255,255,255,0.9)&#8221; background_layout=&#8221;dark&#8221; \/][et_pb_blurb _builder_version=&#8221;3.7.1&#8243; title=&#8221;Can Par\u00e9s&#8221; header_level=&#8221;h3&#8243; header_text_color=&#8221;#80bfe6&#8243; header_font_size=&#8221;26&#8243; text_orientation=&#8221;center&#8221; header_font=&#8221;Nexa Bold||||||||&#8221; header_text_align=&#8221;center&#8221; body_text_align=&#8221;center&#8221; content_max_width=&#8221;100%&#8221; custom_margin=&#8221;0px||0px|&#8221; custom_padding=&#8221;0px||0px|&#8221; body_line_height=&#8221;1.6em&#8221;]<\/p>\n<p>Casa de turisme rural amb tres habitacions, capacitat total fins a 11 persones, cuina, menjador, sala d&#8217;estar, terrassa i jard\u00ed.<\/p>\n<p>[\/et_pb_blurb][\/et_pb_column][et_pb_column type=&#8221;1_3&#8243;][et_pb_gallery admin_label=&#8221;Terrassa&#8221; _builder_version=&#8221;3.7.1&#8243; gallery_ids=&#8221;1151,1152&#8243; posts_number=&#8221;99&#8243; show_title_and_caption=&#8221;off&#8221; fullwidth=&#8221;on&#8221; zoom_icon_color=&#8221;#cad55b&#8221; hover_overlay_color=&#8221;rgba(255,255,255,0.9)&#8221; background_layout=&#8221;dark&#8221; \/][et_pb_blurb _builder_version=&#8221;3.7.1&#8243; title=&#8221;Terrassa&#8221; header_level=&#8221;h3&#8243; header_text_color=&#8221;#80bfe6&#8243; header_font_size=&#8221;26&#8243; text_orientation=&#8221;center&#8221; header_font=&#8221;Nexa Bold||||||||&#8221; header_text_align=&#8221;center&#8221; body_text_align=&#8221;center&#8221; content_max_width=&#8221;100%&#8221; custom_margin=&#8221;0px||0px|&#8221; custom_padding=&#8221;0px||0px|&#8221; body_line_height=&#8221;1.6em&#8221;]<\/p>\n<p>Un sopar a la fresca, un bon esmorzar amb la primera llum del sol o un vermut a mig mat\u00ed a la nostra terrassa es gaudeixen al m\u00e0xim. <\/p>\n<p>[\/et_pb_blurb][\/et_pb_column][et_pb_column type=&#8221;1_3&#8243;][et_pb_gallery admin_label=&#8221;Espai per a bicicletes&#8221; _builder_version=&#8221;3.7.1&#8243; gallery_ids=&#8221;1153,1174,1175&#8243; posts_number=&#8221;99&#8243; show_title_and_caption=&#8221;off&#8221; fullwidth=&#8221;on&#8221; zoom_icon_color=&#8221;#cad55b&#8221; hover_overlay_color=&#8221;rgba(255,255,255,0.9)&#8221; background_layout=&#8221;dark&#8221; \/][et_pb_blurb admin_label=&#8221;Espai per a bicicletes&#8221; _builder_version=&#8221;3.7.1&#8243; title=&#8221;Espai per a bicicletes&#8221; text_orientation=&#8221;center&#8221; header_font=&#8221;Nexa Bold||||||||&#8221; header_text_color=&#8221;#80bfe6&#8243; header_font_size=&#8221;26&#8243;]<\/p>\n<p>Espai per guardar les bicicletes i fer petites reparacions. Trobareu a la vostra disposici\u00f3: manxa d\u2019aire, alguns recanvis per a la bici i punt d\u2019aigua pel rentat.<\/p>\n<p>[\/et_pb_blurb][\/et_pb_column][\/et_pb_row][et_pb_row _builder_version=&#8221;3.3.1&#8243; use_custom_gutter=&#8221;on&#8221; gutter_width=&#8221;2&#8243;][et_pb_column type=&#8221;1_3&#8243;][et_pb_gallery admin_label=&#8221;Menjador&#8221; _builder_version=&#8221;3.7.1&#8243; gallery_ids=&#8221;1180,1187,1185,1183,1437&#8243; posts_number=&#8221;99&#8243; show_title_and_caption=&#8221;off&#8221; fullwidth=&#8221;on&#8221; zoom_icon_color=&#8221;#cad55b&#8221; hover_overlay_color=&#8221;rgba(255,255,255,0.9)&#8221; background_layout=&#8221;dark&#8221; \/][et_pb_blurb _builder_version=&#8221;3.7.1&#8243; title=&#8221;Menjador&#8221; header_level=&#8221;h3&#8243; header_text_color=&#8221;#80bfe6&#8243; header_font_size=&#8221;26&#8243; text_orientation=&#8221;center&#8221; header_font=&#8221;Nexa Bold||||||||&#8221; header_text_align=&#8221;center&#8221; body_text_align=&#8221;center&#8221; content_max_width=&#8221;100%&#8221; custom_margin=&#8221;0px||0px|&#8221; custom_padding=&#8221;0px||0px|&#8221; body_line_height=&#8221;1.6em&#8221;]<\/p>\n<p>A l\u2019entrada de la casa trobem el menjador, on se serveixen els esmorzars. Aquest espai s\u2019adapta f\u00e0cilment al nombre de persones que hi hagi allotjades. Tant si veniu sols o en parella com si esteu acompanyats de la fam\u00edlia o amb la colla d\u2019amics, podem organitzar la sala de la manera que m\u00e9s us convingui.<\/p>\n<p>[\/et_pb_blurb][\/et_pb_column][et_pb_column type=&#8221;1_3&#8243;][et_pb_gallery admin_label=&#8221;Cuina&#8221; _builder_version=&#8221;3.7.1&#8243; gallery_ids=&#8221;1169,1170,1171&#8243; posts_number=&#8221;99&#8243; show_title_and_caption=&#8221;off&#8221; fullwidth=&#8221;on&#8221; zoom_icon_color=&#8221;#cad55b&#8221; hover_overlay_color=&#8221;rgba(255,255,255,0.9)&#8221; background_layout=&#8221;dark&#8221; \/][et_pb_blurb _builder_version=&#8221;3.7.1&#8243; title=&#8221;Cuina&#8221; header_level=&#8221;h3&#8243; header_text_color=&#8221;#80bfe6&#8243; header_font_size=&#8221;26&#8243; text_orientation=&#8221;center&#8221; header_font=&#8221;Nexa Bold||||||||&#8221; header_text_align=&#8221;center&#8221; body_text_align=&#8221;center&#8221; content_max_width=&#8221;100%&#8221; custom_margin=&#8221;0px||0px|&#8221; custom_padding=&#8221;0px||0px|&#8221; body_line_height=&#8221;1.6em&#8221;]<\/p>\n<p>La nostra cuina \u00e9s petita i agradable. Tot i les seves dimensions, t\u00e9 tots els electrodom\u00e8stics necessaris per a poder cuinar i preparar menjar com a casa: nevera amb congelador, vitrocer\u00e0mica, rentaplats, forn microones, torrador de pa, cafetera Dolce Gusto i bullidor d\u2019aigua.<\/p>\n<p>[\/et_pb_blurb][\/et_pb_column][et_pb_column type=&#8221;1_3&#8243;][et_pb_gallery admin_label=&#8221;Sala d&#8217;estar&#8221; _builder_version=&#8221;3.7.1&#8243; gallery_ids=&#8221;1192,1189,1190&#8243; posts_number=&#8221;99&#8243; show_title_and_caption=&#8221;off&#8221; fullwidth=&#8221;on&#8221; zoom_icon_color=&#8221;#cad55b&#8221; hover_overlay_color=&#8221;rgba(255,255,255,0.9)&#8221; background_layout=&#8221;dark&#8221; \/][et_pb_blurb _builder_version=&#8221;3.7.1&#8243; title=&#8221;Sala d&#8217;estar&#8221; header_level=&#8221;h3&#8243; header_text_color=&#8221;#80bfe6&#8243; header_font_size=&#8221;26&#8243; text_orientation=&#8221;center&#8221; header_font=&#8221;Nexa Bold||||||||&#8221; header_text_align=&#8221;center&#8221; body_text_align=&#8221;center&#8221; content_max_width=&#8221;100%&#8221; custom_margin=&#8221;0px||0px|&#8221; custom_padding=&#8221;0px||0px|&#8221; body_line_height=&#8221;1.6em&#8221;]<\/p>\n<p>Per llegir un bon llibre a la vora del foc o simplement per reposar i desconnectar una estona, la sala d\u2019estar de Can Par\u00e9s us ofereix totes les comoditats en un espai c\u00e0lid i alhora ampli i espai\u00f3s.<\/p>\n<p>[\/et_pb_blurb][\/et_pb_column][\/et_pb_row][et_pb_row _builder_version=&#8221;3.3.1&#8243; use_custom_gutter=&#8221;on&#8221; gutter_width=&#8221;2&#8243; custom_margin=&#8221;0px|||&#8221; custom_padding=&#8221;0px|||&#8221;][et_pb_column type=&#8221;1_3&#8243;][et_pb_gallery admin_label=&#8221;Habitaci\u00f3 El Taller&#8221; _builder_version=&#8221;3.7.1&#8243; gallery_ids=&#8221;1480,1195,1194,1196,1197&#8243; posts_number=&#8221;99&#8243; show_title_and_caption=&#8221;off&#8221; fullwidth=&#8221;on&#8221; zoom_icon_color=&#8221;#cad55b&#8221; hover_overlay_color=&#8221;rgba(255,255,255,0.9)&#8221; background_layout=&#8221;dark&#8221; \/][et_pb_blurb _builder_version=&#8221;3.7.1&#8243; title=&#8221;El Taller&#8221; header_level=&#8221;h3&#8243; header_text_color=&#8221;#80bfe6&#8243; header_font_size=&#8221;26&#8243; text_orientation=&#8221;center&#8221; header_font=&#8221;Nexa Bold||||||||&#8221; header_text_align=&#8221;center&#8221; body_text_align=&#8221;center&#8221; content_max_width=&#8221;100%&#8221; custom_margin=&#8221;0px||0px|&#8221; custom_padding=&#8221;0px||0px|&#8221; body_line_height=&#8221;1.6em&#8221; url=&#8221;http:\/\/canparesrural.com\/habitacio-el-taller\/&#8221;]<\/p>\n<p>Habitaci\u00f3 fins a 4 persones.<br \/>\nBany complet amb banyera. Calefacci\u00f3<\/p>\n<p>[\/et_pb_blurb][\/et_pb_column][et_pb_column type=&#8221;1_3&#8243;][et_pb_gallery admin_label=&#8221;Habitaci\u00f3 Les Figues&#8221; _builder_version=&#8221;3.7.1&#8243; gallery_ids=&#8221;1219,1224,1218,1223,1221,1220,1222&#8243; posts_number=&#8221;99&#8243; show_title_and_caption=&#8221;off&#8221; fullwidth=&#8221;on&#8221; zoom_icon_color=&#8221;#cad55b&#8221; hover_overlay_color=&#8221;rgba(255,255,255,0.9)&#8221; background_layout=&#8221;dark&#8221; \/][et_pb_blurb _builder_version=&#8221;3.7.1&#8243; title=&#8221;Les Figues&#8221; header_level=&#8221;h3&#8243; header_text_color=&#8221;#80bfe6&#8243; header_font_size=&#8221;26&#8243; text_orientation=&#8221;center&#8221; header_font=&#8221;Nexa Bold||||||||&#8221; header_text_align=&#8221;center&#8221; body_text_align=&#8221;center&#8221; content_max_width=&#8221;100%&#8221; custom_margin=&#8221;0px||0px|&#8221; custom_padding=&#8221;0px||0px|&#8221; body_line_height=&#8221;1.6em&#8221; url=&#8221;http:\/\/canparesrural.com\/habitacio-les-figues\/&#8221;]<\/p>\n<p>Habitaci\u00f3 fins a 4 persones.<br \/>\nBany complet amb banyera. Calefacci\u00f3<\/p>\n<p>[\/et_pb_blurb][\/et_pb_column][et_pb_column type=&#8221;1_3&#8243;][et_pb_gallery admin_label=&#8221;Habitaci\u00f3 Les Nous&#8221; _builder_version=&#8221;3.7.1&#8243; gallery_ids=&#8221;1239,1238,1237,1234,1235,1236&#8243; posts_number=&#8221;99&#8243; show_title_and_caption=&#8221;off&#8221; fullwidth=&#8221;on&#8221; zoom_icon_color=&#8221;#cad55b&#8221; hover_overlay_color=&#8221;rgba(255,255,255,0.9)&#8221; background_layout=&#8221;dark&#8221; \/][et_pb_blurb _builder_version=&#8221;3.7.1&#8243; title=&#8221;Les Nous&#8221; header_level=&#8221;h3&#8243; header_text_color=&#8221;#80bfe6&#8243; header_font_size=&#8221;26&#8243; text_orientation=&#8221;center&#8221; header_font=&#8221;Nexa Bold||||||||&#8221; header_text_align=&#8221;center&#8221; body_text_align=&#8221;center&#8221; content_max_width=&#8221;100%&#8221; custom_margin=&#8221;0px||0px|&#8221; custom_padding=&#8221;0px||0px|&#8221; body_line_height=&#8221;1.6em&#8221; url=&#8221;http:\/\/canparesrural.com\/habitacio-les-nous\/&#8221;]<\/p>\n<p>Habitaci\u00f3 fins a 3 persones.<br \/>\nBany complet amb dutxa. Calefacci\u00f3<\/p>\n<p>[\/et_pb_blurb][\/et_pb_column][\/et_pb_row][\/et_pb_section]<\/p>\n","protected":false},"excerpt":{"rendered":"<p>Ens agrada el m\u00f3n de la bicicleta i ens agrada que ens visiti gent a qui li apassiona aquest esport. Per aix\u00f2 us hem adaptat un antic magatzem de la casa per a poder guardar les bicicletes i fer petites reparacions, si cal. Trobareu a la vostra disposici\u00f3: \u00b7 Manxa d\u2019aire \u00b7 Alguns recanvis per [&hellip;]<\/p>\n","protected":false},"author":3,"featured_media":0,"parent":0,"menu_order":0,"comment_status":"closed","ping_status":"closed","template":"","meta":{"_et_pb_use_builder":"on","_et_pb_old_content":"","_et_gb_content_width":"","footnotes":""},"class_list":["post-1295","page","type-page","status-publish","hentry"],"_links":{"self":[{"href":"https:\/\/canparesrural.cat\/es\/wp-json\/wp\/v2\/pages\/1295","targetHints":{"allow":["GET"]}}],"collection":[{"href":"https:\/\/canparesrural.cat\/es\/wp-json\/wp\/v2\/pages"}],"about":[{"href":"https:\/\/canparesrural.cat\/es\/wp-json\/wp\/v2\/types\/page"}],"author":[{"embeddable":true,"href":"https:\/\/canparesrural.cat\/es\/wp-json\/wp\/v2\/users\/3"}],"replies":[{"embeddable":true,"href":"https:\/\/canparesrural.cat\/es\/wp-json\/wp\/v2\/comments?post=1295"}],"version-history":[{"count":24,"href":"https:\/\/canparesrural.cat\/es\/wp-json\/wp\/v2\/pages\/1295\/revisions"}],"predecessor-version":[{"id":1511,"href":"https:\/\/canparesrural.cat\/es\/wp-json\/wp\/v2\/pages\/1295\/revisions\/1511"}],"wp:attachment":[{"href":"https:\/\/canparesrural.cat\/es\/wp-json\/wp\/v2\/media?parent=1295"}],"curies":[{"name":"wp","href":"https:\/\/api.w.org\/{rel}","templated":true}]}}