{"id":1728,"date":"2020-05-07T09:51:43","date_gmt":"2020-05-07T08:51:43","guid":{"rendered":"http:\/\/canparesrural.com\/?page_id=1728"},"modified":"2023-03-30T15:27:10","modified_gmt":"2023-03-30T14:27:10","slug":"benvinguda","status":"publish","type":"page","link":"https:\/\/canparesrural.cat\/es\/bienvenida\/","title":{"rendered":"bienvenida"},"content":{"rendered":"<p>[et_pb_section fb_built=&#8221;1&#8243; _builder_version=&#8221;4.16&#8243; background_image=&#8221;https:\/\/canparesrural.cat\/wp-content\/uploads\/2020\/05\/CANPARES-casa-turisme-rural-background-1.jpg&#8221; parallax=&#8221;on&#8221; custom_margin=&#8221;||0px|&#8221; custom_padding=&#8221;||0px|&#8221; global_colors_info=&#8221;{}&#8221;][et_pb_row column_structure=&#8221;1_4,1_2,1_4&#8243; use_custom_gutter=&#8221;on&#8221; gutter_width=&#8221;1&#8243; _builder_version=&#8221;4.16&#8243; parallax=&#8221;on&#8221; custom_margin=&#8221;0px|||&#8221; custom_padding=&#8221;0px|||&#8221; global_colors_info=&#8221;{}&#8221;][et_pb_column type=&#8221;1_4&#8243; _builder_version=&#8221;4.16&#8243; custom_padding=&#8221;|||&#8221; custom_css_main_element=&#8221;top: 30px;&#8221; global_colors_info=&#8221;{}&#8221; custom_padding__hover=&#8221;|||&#8221;][et_pb_blurb content_max_width=&#8221;100%&#8221; _builder_version=&#8221;4.16&#8243; header_level=&#8221;h3&#8243; header_font=&#8221;Nexa Bold||||||||&#8221; header_text_align=&#8221;left&#8221; header_text_color=&#8221;#ffffff&#8221; header_font_size=&#8221;34px&#8221; body_text_align=&#8221;center&#8221; body_font_size=&#8221;16&#8243; background_color=&#8221;#9bc1dd&#8221; background_layout=&#8221;dark&#8221; custom_margin=&#8221;||40px|&#8221; custom_padding=&#8221;40px|30px|40px|30px&#8221; header_font_size_tablet=&#8221;&#8221; header_font_size_phone=&#8221;30&#8243; header_font_size_last_edited=&#8221;on|phone&#8221; global_colors_info=&#8221;{}&#8221;]<\/p>\n<h1>\u00a0A Can Par\u00e9s<br \/>us esperem amb els bra\u00e7os oberts<\/h1>\n<p>[\/et_pb_blurb][\/et_pb_column][et_pb_column type=&#8221;1_2&#8243; _builder_version=&#8221;4.16&#8243; custom_padding=&#8221;|||&#8221; global_colors_info=&#8221;{}&#8221; custom_padding__hover=&#8221;|||&#8221;][et_pb_blurb title=&#8221;benvinguts&#8221; _builder_version=&#8221;4.16&#8243; header_font=&#8221;Nexa Bold|||on|||||&#8221; header_text_color=&#8221;#9bc1dd&#8221; body_font_size=&#8221;15px&#8221; background_color=&#8221;#ffffff&#8221; custom_margin=&#8221;100px||40px|&#8221; custom_padding=&#8221;40px|30px|40px|30px&#8221; global_colors_info=&#8221;{}&#8221;]<\/p>\n<p>Totes i tots ens mereixem uns dies per descansar i relaxar-nos voltats de natura. A <strong>Can Par\u00e9s<\/strong> us esperem en un <strong>entorn natural tranquil<\/strong>, amb la companyia dels nostres <strong>estimats animals<\/strong>, amb <strong>fruites i verdures de l\u2019hort<\/strong> i amb totes les <strong>comoditats per a grans i petits<\/strong>.<\/p>\n<p>Ens agradar\u00e0 que vingueu a descansar, a descobrir l&#8217;entorn, a deixar-vos cuidar&#8230;<\/p>\n<p>Quan arribeu a Can Par\u00e9s us proposarem algunes recomanacions per fer m\u00e9s segura i agradable la vostra estada. A partir d&#8217;aqu\u00ed nom\u00e9s us quedar\u00e0 gaudir dels <strong>racons de la casa<\/strong>, dels <strong>esmorzars<\/strong> i de la bellesa del nostre estimat<strong> Ve\u00efnat de l&#8217;Argelaguet<\/strong>, i de la <strong>Vall de Ll\u00e9mena<\/strong>.<\/p>\n<p><strong style=\"font-size: 15px;\"> Tenim moltes ganes de veure-us BEN AVIAT!<\/strong><\/p>\n<p>[\/et_pb_blurb][\/et_pb_column][et_pb_column type=&#8221;1_4&#8243; _builder_version=&#8221;4.16&#8243; custom_padding=&#8221;30px|||&#8221; global_colors_info=&#8221;{}&#8221; custom_padding__hover=&#8221;|||&#8221;][et_pb_blurb _builder_version=&#8221;4.16&#8243; header_font=&#8221;Nexa Bold|||on|||||&#8221; header_text_color=&#8221;#9bc1dd&#8221; body_text_color=&#8221;#ffffff&#8221; background_color=&#8221;#757676&#8243; background_layout=&#8221;dark&#8221; custom_margin=&#8221;||40px|&#8221; custom_padding=&#8221;40px|30px|40px|30px&#8221; global_colors_info=&#8221;{}&#8221;]<\/p>\n<p><strong style=\"font-family: 'Nexa Bold', Helvetica, Arial, Lucida, sans-serif; font-size: 18px;\">CANCEL\u00b7LACIONS<\/strong><\/p>\n<p>Si necessiteu cancel\u00b7lar la vostra reserva, ho podeu fer fins a 24h abans de l\u2019arribada.<\/p>\n<p>[\/et_pb_blurb][\/et_pb_column][\/et_pb_row][et_pb_row use_custom_gutter=&#8221;on&#8221; gutter_width=&#8221;1&#8243; module_class=&#8221; et_pb_row_fullwidth&#8221; _builder_version=&#8221;4.16&#8243; width=&#8221;100%&#8221; width_tablet=&#8221;100%&#8221; width_phone=&#8221;&#8221; width_last_edited=&#8221;on|desktop&#8221; max_width=&#8221;100%&#8221; max_width_tablet=&#8221;100%&#8221; max_width_phone=&#8221;&#8221; max_width_last_edited=&#8221;on|desktop&#8221; custom_margin=&#8221;0px|0px|0px|0px&#8221; custom_padding=&#8221;0px|0px|0px|0px&#8221; make_fullwidth=&#8221;on&#8221; global_colors_info=&#8221;{}&#8221;][et_pb_column type=&#8221;4_4&#8243; _builder_version=&#8221;4.16&#8243; custom_padding=&#8221;0px||0px|&#8221; global_colors_info=&#8221;{}&#8221; custom_padding__hover=&#8221;|||&#8221;][et_pb_image src=&#8221;https:\/\/canparesrural.cat\/wp-content\/uploads\/2018\/05\/franja_modul_entorn_inferior-01.png&#8221; align_tablet=&#8221;center&#8221; align_phone=&#8221;&#8221; align_last_edited=&#8221;on|desktop&#8221; _builder_version=&#8221;4.16&#8243; custom_margin=&#8221;0px|0px|0px|0px&#8221; custom_padding=&#8221;0px|0px|0px|0px&#8221; global_colors_info=&#8221;{}&#8221;][\/et_pb_image][\/et_pb_column][\/et_pb_row][\/et_pb_section][et_pb_section fb_built=&#8221;1&#8243; _builder_version=&#8221;4.16&#8243; global_colors_info=&#8221;{}&#8221;][et_pb_row column_structure=&#8221;1_2,1_2&#8243; _builder_version=&#8221;4.16&#8243; background_size=&#8221;initial&#8221; background_position=&#8221;top_left&#8221; background_repeat=&#8221;repeat&#8221; global_colors_info=&#8221;{}&#8221;][et_pb_column type=&#8221;1_2&#8243; _builder_version=&#8221;4.16&#8243; custom_padding=&#8221;|||&#8221; global_colors_info=&#8221;{}&#8221; custom_padding__hover=&#8221;|||&#8221;][et_pb_gallery gallery_ids=&#8221;2053,2033,2054,1883,1183,1276,1187,1170,1192,1908&#8243; fullwidth=&#8221;on&#8221; admin_label=&#8221;GALERIA FOTOS&#8221; _builder_version=&#8221;4.20.2&#8243; background_layout=&#8221;dark&#8221; auto=&#8221;on&#8221; auto_speed=&#8221;5000&#8243; hover_enabled=&#8221;0&#8243; global_colors_info=&#8221;{}&#8221; sticky_enabled=&#8221;0&#8243;][\/et_pb_gallery][\/et_pb_column][et_pb_column type=&#8221;1_2&#8243; _builder_version=&#8221;4.16&#8243; custom_padding=&#8221;|||&#8221; global_colors_info=&#8221;{}&#8221; custom_padding__hover=&#8221;|||&#8221;][et_pb_blurb title=&#8221;SERVEIS CAN PAR\u00c9S&#8221; content_max_width=&#8221;100%&#8221; _builder_version=&#8221;4.16&#8243; header_level=&#8221;h3&#8243; header_font=&#8221;Nexa Bold||||||||&#8221; header_text_align=&#8221;left&#8221; header_text_color=&#8221;#9bc1dd&#8221; header_font_size=&#8221;20&#8243; body_font=&#8221;||||||||&#8221; body_text_align=&#8221;left&#8221; body_font_size=&#8221;16px&#8221; custom_margin=&#8221;|||&#8221; custom_padding=&#8221;|||&#8221; global_colors_info=&#8221;{}&#8221;]<\/p>\n<p>A part dels serveis habituals que ofereix la casa (<strong>cuina, menjador, sala d\u2019estar, bany, jard\u00ed i barbacoa<\/strong>) us hem preparat una piscineta per poder-vos refrescar i perqu\u00e8 els nens juguin en remull.<\/p>\n<p>[\/et_pb_blurb][et_pb_blurb title=&#8221;\u00c0PATS ALLOTJAMENT&#8221; content_max_width=&#8221;100%&#8221; _builder_version=&#8221;4.16&#8243; header_level=&#8221;h3&#8243; header_font=&#8221;Nexa Bold||||||||&#8221; header_text_align=&#8221;left&#8221; header_text_color=&#8221;#9bc1dd&#8221; header_font_size=&#8221;20&#8243; body_font=&#8221;||||||||&#8221; body_text_align=&#8221;left&#8221; body_font_size=&#8221;16px&#8221; custom_margin=&#8221;0px||0px|&#8221; custom_padding=&#8221;0px||0px|&#8221; global_colors_info=&#8221;{}&#8221;]<\/p>\n<p>Si us allotgeu a Can Par\u00e9s, tindreu la <strong>cuina<\/strong> a la vostra disposici\u00f3. Al poble hi ha <strong>botigues amb productes de proximitat i supermercats<\/strong> que us poden oferir tot el que us calgui (a 1Km de la casa).\u00a0<\/p>\n<p>A part, el nostre <strong>hort<\/strong> tamb\u00e9 est\u00e0 ple d\u2019hortalisses ecol\u00f2giques i de Km0 perqu\u00e8 pugueu gaudir del plaer de collir-les i menjar-les al moment!<\/p>\n<p>[\/et_pb_blurb][\/et_pb_column][\/et_pb_row][\/et_pb_section][et_pb_section fb_built=&#8221;1&#8243; _builder_version=&#8221;4.16&#8243; custom_margin=&#8221;0px||0px|&#8221; custom_padding=&#8221;0px||0px|&#8221; global_colors_info=&#8221;{}&#8221;][et_pb_row use_custom_gutter=&#8221;on&#8221; gutter_width=&#8221;1&#8243; module_class=&#8221; et_pb_row_fullwidth&#8221; _builder_version=&#8221;4.16&#8243; width=&#8221;100%&#8221; width_tablet=&#8221;100%&#8221; width_phone=&#8221;&#8221; width_last_edited=&#8221;on|desktop&#8221; max_width=&#8221;100%&#8221; max_width_tablet=&#8221;100%&#8221; max_width_phone=&#8221;&#8221; max_width_last_edited=&#8221;on|desktop&#8221; module_alignment=&#8221;center&#8221; custom_margin=&#8221;0px||0px|&#8221; custom_padding=&#8221;0px||0px|&#8221; make_fullwidth=&#8221;on&#8221; global_colors_info=&#8221;{}&#8221;][et_pb_column type=&#8221;4_4&#8243; _builder_version=&#8221;4.16&#8243; custom_padding=&#8221;|||&#8221; global_colors_info=&#8221;{}&#8221; custom_padding__hover=&#8221;|||&#8221;][et_pb_code _builder_version=&#8221;4.16&#8243; global_colors_info=&#8221;{}&#8221;]<iframe loading=\"lazy\" src=\"https:\/\/www.google.com\/maps\/embed?pb=!1m18!1m12!1m3!1d47455.7759140385!2d2.744674479335054!3d41.97911046843291!2m3!1f0!2f0!3f0!3m2!1i1024!2i768!4f13.1!3m3!1m2!1s0x12baddc219090d89%3A0x621c415a47d17145!2sCAN+PAR%C3%89S+%C2%B7+Casa+Turisme+Rural!5e0!3m2!1sca!2ses!4v1531297911304\" width=\"100%\" height=\"500\" frameborder=\"0\" style=\"border:0\" allowfullscreen><\/iframe>[\/et_pb_code][\/et_pb_column][\/et_pb_row][\/et_pb_section]<\/p>\n","protected":false},"excerpt":{"rendered":"<p>\u00a0A Can Par\u00e9sus esperem amb els bra\u00e7os obertsTotes i tots ens mereixem uns dies per descansar i relaxar-nos voltats de natura. A Can Par\u00e9s us esperem en un entorn natural tranquil, amb la companyia dels nostres estimats animals, amb fruites i verdures de l\u2019hort i amb totes les comoditats per a grans i petits. Ens [&hellip;]<\/p>\n","protected":false},"author":3,"featured_media":0,"parent":0,"menu_order":0,"comment_status":"closed","ping_status":"closed","template":"","meta":{"_et_pb_use_builder":"on","_et_pb_old_content":"","_et_gb_content_width":"","footnotes":""},"class_list":["post-1728","page","type-page","status-publish","hentry"],"_links":{"self":[{"href":"https:\/\/canparesrural.cat\/es\/wp-json\/wp\/v2\/pages\/1728","targetHints":{"allow":["GET"]}}],"collection":[{"href":"https:\/\/canparesrural.cat\/es\/wp-json\/wp\/v2\/pages"}],"about":[{"href":"https:\/\/canparesrural.cat\/es\/wp-json\/wp\/v2\/types\/page"}],"author":[{"embeddable":true,"href":"https:\/\/canparesrural.cat\/es\/wp-json\/wp\/v2\/users\/3"}],"replies":[{"embeddable":true,"href":"https:\/\/canparesrural.cat\/es\/wp-json\/wp\/v2\/comments?post=1728"}],"version-history":[{"count":47,"href":"https:\/\/canparesrural.cat\/es\/wp-json\/wp\/v2\/pages\/1728\/revisions"}],"predecessor-version":[{"id":2064,"href":"https:\/\/canparesrural.cat\/es\/wp-json\/wp\/v2\/pages\/1728\/revisions\/2064"}],"wp:attachment":[{"href":"https:\/\/canparesrural.cat\/es\/wp-json\/wp\/v2\/media?parent=1728"}],"curies":[{"name":"wp","href":"https:\/\/api.w.org\/{rel}","templated":true}]}}