{"id":2192,"date":"2024-08-02T09:29:46","date_gmt":"2024-08-02T07:29:46","guid":{"rendered":"https:\/\/canparesrural.com\/?page_id=2192"},"modified":"2024-08-02T09:32:46","modified_gmt":"2024-08-02T07:32:46","slug":"kit-digital","status":"publish","type":"page","link":"https:\/\/canparesrural.cat\/es\/kit-digital\/","title":{"rendered":"Kit Digital"},"content":{"rendered":"<p>Financiado por la Uni\u00f3n Europea \u2013 NextGenerationEU. Sin embargo, los puntos de vista y las opiniones expresadas son \u00fanicamente los del autor o autores y no reflejan necesariamente los de la Uni\u00f3n Europea o la Comisi\u00f3n Europea. Ni la Uni\u00f3n Europea ni la Comisi\u00f3n Europea pueden ser consideradas responsables de \u00e9stas.<\/p>\n\n\n\n<div style=\"height:50px\" aria-hidden=\"true\" class=\"wp-block-spacer\"><\/div>\n\n\n\n<figure class=\"wp-block-image size-large\"><img loading=\"lazy\" decoding=\"async\" width=\"1024\" height=\"119\" src=\"https:\/\/canparesrural.cat\/wp-content\/uploads\/2024\/08\/kit-digital-logo-1024x119.png\" alt=\"\" class=\"wp-image-2193\" srcset=\"https:\/\/canparesrural.cat\/wp-content\/uploads\/2024\/08\/kit-digital-logo-980x113.png 980w, https:\/\/canparesrural.cat\/wp-content\/uploads\/2024\/08\/kit-digital-logo-480x56.png 480w\" sizes=\"(min-width: 0px) and (max-width: 480px) 480px, (min-width: 481px) and (max-width: 980px) 980px, (min-width: 981px) 1024px, 100vw\" \/><\/figure>\n\n\n\n<div style=\"height:400px\" aria-hidden=\"true\" class=\"wp-block-spacer\"><\/div>","protected":false},"excerpt":{"rendered":"<p>Financiado por la Uni\u00f3n Europea \u2013 NextGenerationEU. Sin embargo, los puntos de vista y las opiniones expresadas son \u00fanicamente los del autor o autores y no reflejan necesariamente los de la Uni\u00f3n Europea o la Comisi\u00f3n Europea. Ni la Uni\u00f3n Europea ni la Comisi\u00f3n Europea pueden ser consideradas responsables de \u00e9stas.<\/p>","protected":false},"author":4,"featured_media":0,"parent":0,"menu_order":0,"comment_status":"closed","ping_status":"closed","template":"","meta":{"_et_pb_use_builder":"off","_et_pb_old_content":"","_et_gb_content_width":"1180","footnotes":""},"class_list":["post-2192","page","type-page","status-publish","hentry"],"_links":{"self":[{"href":"https:\/\/canparesrural.cat\/es\/wp-json\/wp\/v2\/pages\/2192","targetHints":{"allow":["GET"]}}],"collection":[{"href":"https:\/\/canparesrural.cat\/es\/wp-json\/wp\/v2\/pages"}],"about":[{"href":"https:\/\/canparesrural.cat\/es\/wp-json\/wp\/v2\/types\/page"}],"author":[{"embeddable":true,"href":"https:\/\/canparesrural.cat\/es\/wp-json\/wp\/v2\/users\/4"}],"replies":[{"embeddable":true,"href":"https:\/\/canparesrural.cat\/es\/wp-json\/wp\/v2\/comments?post=2192"}],"version-history":[{"count":2,"href":"https:\/\/canparesrural.cat\/es\/wp-json\/wp\/v2\/pages\/2192\/revisions"}],"predecessor-version":[{"id":2195,"href":"https:\/\/canparesrural.cat\/es\/wp-json\/wp\/v2\/pages\/2192\/revisions\/2195"}],"wp:attachment":[{"href":"https:\/\/canparesrural.cat\/es\/wp-json\/wp\/v2\/media?parent=2192"}],"curies":[{"name":"wp","href":"https:\/\/api.w.org\/{rel}","templated":true}]}}