{"id":305,"date":"2018-05-17T11:54:13","date_gmt":"2018-05-17T10:54:13","guid":{"rendered":"http:\/\/canparesrural.com\/?page_id=305"},"modified":"2023-03-30T15:24:50","modified_gmt":"2023-03-30T14:24:50","slug":"can-pares","status":"publish","type":"page","link":"https:\/\/canparesrural.cat\/es\/casa-de-padres\/","title":{"rendered":"Can Par\u00e9s"},"content":{"rendered":"<p>[et_pb_section fb_built=&#8221;1&#8243; _builder_version=&#8221;4.16&#8243; custom_margin=&#8221;0px||0px|&#8221; custom_padding=&#8221;0px||0px|&#8221; global_colors_info=&#8221;{}&#8221;][et_pb_row use_custom_gutter=&#8221;on&#8221; gutter_width=&#8221;1&#8243; module_class=&#8221; et_pb_row_fullwidth&#8221; _builder_version=&#8221;4.16&#8243; background_image=&#8221;https:\/\/canparesrural.cat\/wp-content\/uploads\/2018\/07\/CANPARES_capcalera_blava-1.jpg&#8221; width=&#8221;100%&#8221; width_tablet=&#8221;100%&#8221; width_phone=&#8221;&#8221; width_last_edited=&#8221;on|desktop&#8221; max_width=&#8221;100%&#8221; max_width_tablet=&#8221;100%&#8221; max_width_phone=&#8221;&#8221; max_width_last_edited=&#8221;on|desktop&#8221; make_fullwidth=&#8221;on&#8221; global_colors_info=&#8221;{}&#8221;][et_pb_column type=&#8221;4_4&#8243; _builder_version=&#8221;4.16&#8243; custom_padding=&#8221;|||&#8221; global_colors_info=&#8221;{}&#8221; custom_padding__hover=&#8221;|||&#8221;][et_pb_blurb title=&#8221;Can Par\u00e9s&#8221; content_max_width=&#8221;100%&#8221; _builder_version=&#8221;4.16&#8243; header_level=&#8221;h2&#8243; header_font=&#8221;Nexa Bold||||||||&#8221; header_text_align=&#8221;center&#8221; header_text_color=&#8221;#ffffff&#8221; header_font_size=&#8221;30&#8243; body_text_align=&#8221;center&#8221; body_font_size=&#8221;16&#8243; text_orientation=&#8221;center&#8221; background_layout=&#8221;dark&#8221; custom_margin=&#8221;10px||0px|&#8221; custom_padding=&#8221;0px||0px|&#8221; global_colors_info=&#8221;{}&#8221;][\/et_pb_blurb][\/et_pb_column][\/et_pb_row][\/et_pb_section][et_pb_section fb_built=&#8221;1&#8243; _builder_version=&#8221;4.16&#8243; custom_margin=&#8221;0px|||&#8221; custom_padding=&#8221;0px|||&#8221; global_colors_info=&#8221;{}&#8221;][et_pb_row _builder_version=&#8221;4.16&#8243; custom_padding=&#8221;50px|||&#8221; global_colors_info=&#8221;{}&#8221;][et_pb_column type=&#8221;4_4&#8243; _builder_version=&#8221;4.16&#8243; custom_padding=&#8221;|||&#8221; global_colors_info=&#8221;{}&#8221; custom_padding__hover=&#8221;|||&#8221;][et_pb_blurb title=&#8221;Casa turisme rural&#8221; content_max_width=&#8221;90%&#8221; _builder_version=&#8221;4.16&#8243; header_level=&#8221;h3&#8243; header_font=&#8221;Nexa Bold||||||||&#8221; header_text_align=&#8221;center&#8221; header_text_color=&#8221;#80bfe6&#8243; header_font_size=&#8221;36&#8243; body_text_align=&#8221;center&#8221; body_font_size=&#8221;16&#8243; text_orientation=&#8221;center&#8221; custom_margin=&#8221;0px||0px|&#8221; custom_padding=&#8221;0px||0px|&#8221; global_colors_info=&#8221;{}&#8221;][\/et_pb_blurb][et_pb_divider color=&#8221;#80bfe6&#8243; divider_weight=&#8221;5&#8243; _builder_version=&#8221;4.16&#8243; max_width=&#8221;70px&#8221; module_alignment=&#8221;center&#8221; custom_margin=&#8221;0px||0px|&#8221; custom_padding=&#8221;0px||0px|&#8221; global_colors_info=&#8221;{}&#8221;][\/et_pb_divider][et_pb_text _builder_version=&#8221;4.16&#8243; text_font_size=&#8221;16px&#8221; text_orientation=&#8221;center&#8221; global_colors_info=&#8221;{}&#8221;]CAN PAR\u00c9S \u00e9s una <strong>casa de turisme rural<\/strong> situada a la Vall de Ll\u00e9mena. La finca, totalment independent del casc rural, es troba enmig d&#8217;un paratge natural \u00fanic, a 5 minuts de Girona. Envoltada de camps de cultiu i del nostre hort; \u00e9s un lloc ideal per <strong>gaudir de la tranquil\u00b7litat, pau, olors i colors de la natura.<\/strong><br \/>\n[\/et_pb_text][\/et_pb_column][\/et_pb_row][et_pb_row use_custom_gutter=&#8221;on&#8221; gutter_width=&#8221;1&#8243; module_class=&#8221; et_pb_row_fullwidth&#8221; _builder_version=&#8221;4.16&#8243; width=&#8221;100%&#8221; width_tablet=&#8221;100%&#8221; width_phone=&#8221;&#8221; width_last_edited=&#8221;on|desktop&#8221; max_width=&#8221;100%&#8221; max_width_tablet=&#8221;100%&#8221; max_width_phone=&#8221;&#8221; max_width_last_edited=&#8221;on|desktop&#8221; make_fullwidth=&#8221;on&#8221; global_colors_info=&#8221;{}&#8221;][et_pb_column type=&#8221;4_4&#8243; _builder_version=&#8221;4.16&#8243; custom_padding=&#8221;|||&#8221; global_colors_info=&#8221;{}&#8221; custom_padding__hover=&#8221;|||&#8221;][et_pb_image src=&#8221;https:\/\/canparesrural.cat\/wp-content\/uploads\/2018\/05\/CAN_PARES_imatge_modul_Can_Pares.jpg&#8221; align_tablet=&#8221;center&#8221; align_phone=&#8221;&#8221; align_last_edited=&#8221;on|desktop&#8221; _builder_version=&#8221;4.16&#8243; global_colors_info=&#8221;{}&#8221;][\/et_pb_image][\/et_pb_column][\/et_pb_row][\/et_pb_section][et_pb_section fb_built=&#8221;1&#8243; _builder_version=&#8221;4.16&#8243; background_image=&#8221;https:\/\/canparesrural.cat\/wp-content\/uploads\/2018\/05\/CAN_PARES_fons-modul-Espais-Can-Pares_2.jpg&#8221; parallax=&#8221;on&#8221; custom_margin=&#8221;0px||0px|&#8221; custom_padding=&#8221;0px||0px|&#8221; global_colors_info=&#8221;{}&#8221;][et_pb_row use_custom_gutter=&#8221;on&#8221; gutter_width=&#8221;1&#8243; module_class=&#8221; et_pb_row_fullwidth&#8221; _builder_version=&#8221;4.16&#8243; width=&#8221;100%&#8221; width_tablet=&#8221;100%&#8221; width_phone=&#8221;&#8221; width_last_edited=&#8221;on|desktop&#8221; max_width=&#8221;100%&#8221; max_width_tablet=&#8221;100%&#8221; max_width_phone=&#8221;&#8221; max_width_last_edited=&#8221;on|desktop&#8221; custom_margin=&#8221;0px|0px|0px|0px&#8221; custom_padding=&#8221;0px|0px|0px|0px&#8221; make_fullwidth=&#8221;on&#8221; global_colors_info=&#8221;{}&#8221;][et_pb_column type=&#8221;4_4&#8243; _builder_version=&#8221;4.16&#8243; custom_padding=&#8221;0px||0px|&#8221; global_colors_info=&#8221;{}&#8221; custom_padding__hover=&#8221;|||&#8221;][et_pb_image src=&#8221;https:\/\/canparesrural.cat\/wp-content\/uploads\/2018\/05\/franja_modul_entorn_superior.svg&#8221; align_tablet=&#8221;center&#8221; align_phone=&#8221;&#8221; align_last_edited=&#8221;on|desktop&#8221; _builder_version=&#8221;4.16&#8243; custom_margin=&#8221;0px|0px|0px|0px&#8221; custom_padding=&#8221;0px|0px|0px|0px&#8221; global_colors_info=&#8221;{}&#8221;][\/et_pb_image][\/et_pb_column][\/et_pb_row][et_pb_row _builder_version=&#8221;4.16&#8243; custom_padding=&#8221;50px|||&#8221; global_colors_info=&#8221;{}&#8221;][et_pb_column type=&#8221;4_4&#8243; _builder_version=&#8221;4.16&#8243; custom_padding=&#8221;|||&#8221; global_colors_info=&#8221;{}&#8221; custom_padding__hover=&#8221;|||&#8221;][et_pb_blurb title=&#8221;Espais de Can Par\u00e9s&#8221; content_max_width=&#8221;90%&#8221; _builder_version=&#8221;4.16&#8243; header_level=&#8221;h3&#8243; header_font=&#8221;Nexa Bold||||||||&#8221; header_text_align=&#8221;center&#8221; header_text_color=&#8221;#cad55b&#8221; header_font_size=&#8221;36&#8243; body_text_align=&#8221;center&#8221; body_font_size=&#8221;16&#8243; text_orientation=&#8221;center&#8221; custom_margin=&#8221;0px||0px|&#8221; custom_padding=&#8221;0px||0px|&#8221; global_colors_info=&#8221;{}&#8221;][\/et_pb_blurb][et_pb_divider divider_weight=&#8221;5&#8243; _builder_version=&#8221;4.16&#8243; max_width=&#8221;70px&#8221; module_alignment=&#8221;center&#8221; custom_margin=&#8221;0px||0px|&#8221; custom_padding=&#8221;0px||0px|&#8221; global_colors_info=&#8221;{}&#8221;][\/et_pb_divider][\/et_pb_column][\/et_pb_row][et_pb_row column_structure=&#8221;1_3,1_3,1_3&#8243; use_custom_gutter=&#8221;on&#8221; gutter_width=&#8221;2&#8243; _builder_version=&#8221;4.16&#8243; global_colors_info=&#8221;{}&#8221;][et_pb_column type=&#8221;1_3&#8243; _builder_version=&#8221;4.16&#8243; custom_padding=&#8221;|||&#8221; global_colors_info=&#8221;{}&#8221; custom_padding__hover=&#8221;|||&#8221;][et_pb_gallery gallery_ids=&#8221;2053,2033,2054,1880,1166,1167&#8243; fullwidth=&#8221;on&#8221; admin_label=&#8221;Can Par\u00e9s&#8221; _builder_version=&#8221;4.20.2&#8243; background_layout=&#8221;dark&#8221; hover_enabled=&#8221;0&#8243; global_colors_info=&#8221;{}&#8221; sticky_enabled=&#8221;0&#8243;][\/et_pb_gallery][et_pb_blurb title=&#8221;Can Par\u00e9s&#8221; content_max_width=&#8221;100%&#8221; _builder_version=&#8221;4.16&#8243; header_level=&#8221;h3&#8243; header_font=&#8221;Nexa Bold||||||||&#8221; header_text_align=&#8221;center&#8221; header_text_color=&#8221;#b2d466&#8243; header_font_size=&#8221;26&#8243; body_text_align=&#8221;center&#8221; text_orientation=&#8221;center&#8221; custom_margin=&#8221;0px||0px|&#8221; custom_padding=&#8221;0px||0px|&#8221; global_colors_info=&#8221;{}&#8221;]Casa de turisme rural amb tres habitacions, capacitat total fins a 11 persones, cuina, menjador, sala d&#8217;estar, terrassa i jard\u00ed.<br \/>\n[\/et_pb_blurb][\/et_pb_column][et_pb_column type=&#8221;1_3&#8243; _builder_version=&#8221;4.16&#8243; custom_padding=&#8221;|||&#8221; global_colors_info=&#8221;{}&#8221; custom_padding__hover=&#8221;|||&#8221;][et_pb_gallery gallery_ids=&#8221;1883,1922&#8243; fullwidth=&#8221;on&#8221; admin_label=&#8221;Terrassa&#8221; _builder_version=&#8221;4.19.5&#8243; background_layout=&#8221;dark&#8221; global_colors_info=&#8221;{}&#8221;][\/et_pb_gallery][et_pb_blurb title=&#8221;Terrassa&#8221; content_max_width=&#8221;100%&#8221; _builder_version=&#8221;4.16&#8243; header_level=&#8221;h3&#8243; header_font=&#8221;Nexa Bold||||||||&#8221; header_text_align=&#8221;center&#8221; header_text_color=&#8221;#b2d466&#8243; header_font_size=&#8221;26&#8243; body_text_align=&#8221;center&#8221; text_orientation=&#8221;center&#8221; custom_margin=&#8221;0px||0px|&#8221; custom_padding=&#8221;0px||0px|&#8221; global_colors_info=&#8221;{}&#8221;]Un sopar a la fresca, un bon esmorzar amb la primera llum del sol o un vermut a mig mat\u00ed a la nostra terrassa es gaudeixen al m\u00e0xim.<br \/>\n[\/et_pb_blurb][\/et_pb_column][et_pb_column type=&#8221;1_3&#8243; _builder_version=&#8221;4.16&#8243; custom_padding=&#8221;|||&#8221; global_colors_info=&#8221;{}&#8221; custom_padding__hover=&#8221;|||&#8221;][et_pb_gallery gallery_ids=&#8221;1153,1174,1175&#8243; fullwidth=&#8221;on&#8221; admin_label=&#8221;Espai per a bicicletes&#8221; _builder_version=&#8221;4.16&#8243; background_layout=&#8221;dark&#8221; global_colors_info=&#8221;{}&#8221;][\/et_pb_gallery][et_pb_blurb title=&#8221;Espai per a bicicletes&#8221; admin_label=&#8221;Espai per a bicicletes&#8221; _builder_version=&#8221;4.16&#8243; header_font=&#8221;Nexa Bold||||||||&#8221; header_text_color=&#8221;#b2d466&#8243; header_font_size=&#8221;26&#8243; text_orientation=&#8221;center&#8221; global_colors_info=&#8221;{}&#8221;]Espai per guardar les bicicletes i fer petites reparacions. Trobareu a la vostra disposici\u00f3: manxa d\u2019aire, alguns recanvis per a la bici i punt d\u2019aigua pel rentat.<br \/>\n[\/et_pb_blurb][\/et_pb_column][\/et_pb_row][et_pb_row column_structure=&#8221;1_3,1_3,1_3&#8243; use_custom_gutter=&#8221;on&#8221; gutter_width=&#8221;2&#8243; _builder_version=&#8221;4.16&#8243; global_colors_info=&#8221;{}&#8221;][et_pb_column type=&#8221;1_3&#8243; _builder_version=&#8221;4.16&#8243; custom_padding=&#8221;|||&#8221; global_colors_info=&#8221;{}&#8221; custom_padding__hover=&#8221;|||&#8221;][et_pb_gallery gallery_ids=&#8221;1180,1187,1185,1183,1435&#8243; fullwidth=&#8221;on&#8221; admin_label=&#8221;Menjador&#8221; _builder_version=&#8221;4.16&#8243; background_layout=&#8221;dark&#8221; global_colors_info=&#8221;{}&#8221;][\/et_pb_gallery][et_pb_blurb title=&#8221;Menjador&#8221; content_max_width=&#8221;100%&#8221; _builder_version=&#8221;4.16&#8243; header_level=&#8221;h3&#8243; header_font=&#8221;Nexa Bold||||||||&#8221; header_text_align=&#8221;center&#8221; header_text_color=&#8221;#b2d466&#8243; header_font_size=&#8221;26&#8243; body_text_align=&#8221;center&#8221; text_orientation=&#8221;center&#8221; custom_margin=&#8221;0px||0px|&#8221; custom_padding=&#8221;0px||0px|&#8221; global_colors_info=&#8221;{}&#8221;]A l\u2019entrada de la casa trobem el menjador, on se serveixen els esmorzars. Aquest espai s\u2019adapta f\u00e0cilment al nombre de persones que hi hagi allotjades. Tant si veniu sols o en parella com si esteu acompanyats de la fam\u00edlia o amb la colla d\u2019amics, podem organitzar la sala de la manera que m\u00e9s us convingui.<br \/>\n[\/et_pb_blurb][\/et_pb_column][et_pb_column type=&#8221;1_3&#8243; _builder_version=&#8221;4.16&#8243; custom_padding=&#8221;|||&#8221; global_colors_info=&#8221;{}&#8221; custom_padding__hover=&#8221;|||&#8221;][et_pb_gallery gallery_ids=&#8221;1169,1170,1171&#8243; fullwidth=&#8221;on&#8221; admin_label=&#8221;Cuina&#8221; _builder_version=&#8221;4.16&#8243; background_layout=&#8221;dark&#8221; global_colors_info=&#8221;{}&#8221;][\/et_pb_gallery][et_pb_blurb title=&#8221;Cuina&#8221; content_max_width=&#8221;100%&#8221; _builder_version=&#8221;4.16&#8243; header_level=&#8221;h3&#8243; header_font=&#8221;Nexa Bold||||||||&#8221; header_text_align=&#8221;center&#8221; header_text_color=&#8221;#b2d466&#8243; header_font_size=&#8221;26&#8243; body_text_align=&#8221;center&#8221; text_orientation=&#8221;center&#8221; custom_margin=&#8221;0px||0px|&#8221; custom_padding=&#8221;0px||0px|&#8221; global_colors_info=&#8221;{}&#8221;]La nostra cuina \u00e9s petita i agradable. Tot i les seves dimensions, t\u00e9 tots els electrodom\u00e8stics necessaris per a poder cuinar i preparar menjar com a casa: nevera amb congelador, vitrocer\u00e0mica, rentaplats, forn microones, torrador de pa, cafetera Dolce Gusto i bullidor d\u2019aigua.<br \/>\n[\/et_pb_blurb][\/et_pb_column][et_pb_column type=&#8221;1_3&#8243; _builder_version=&#8221;4.16&#8243; custom_padding=&#8221;|||&#8221; global_colors_info=&#8221;{}&#8221; custom_padding__hover=&#8221;|||&#8221;][et_pb_gallery gallery_ids=&#8221;1192,1189,1190&#8243; fullwidth=&#8221;on&#8221; admin_label=&#8221;Sala d&#8217;estar&#8221; _builder_version=&#8221;4.16&#8243; background_layout=&#8221;dark&#8221; global_colors_info=&#8221;{}&#8221;][\/et_pb_gallery][et_pb_blurb title=&#8221;Sala d&#8217;estar&#8221; content_max_width=&#8221;100%&#8221; _builder_version=&#8221;4.16&#8243; header_level=&#8221;h3&#8243; header_font=&#8221;Nexa Bold||||||||&#8221; header_text_align=&#8221;center&#8221; header_text_color=&#8221;#b2d466&#8243; header_font_size=&#8221;26&#8243; body_text_align=&#8221;center&#8221; text_orientation=&#8221;center&#8221; custom_margin=&#8221;0px||0px|&#8221; custom_padding=&#8221;0px||0px|&#8221; global_colors_info=&#8221;{}&#8221;]Per llegir un bon llibre a la vora del foc o simplement per reposar i desconnectar una estona, la sala d\u2019estar de Can Par\u00e9s us ofereix totes les comoditats en un espai c\u00e0lid i alhora ampli i espai\u00f3s.<br \/>\n[\/et_pb_blurb][\/et_pb_column][\/et_pb_row][et_pb_row column_structure=&#8221;1_3,1_3,1_3&#8243; use_custom_gutter=&#8221;on&#8221; gutter_width=&#8221;2&#8243; _builder_version=&#8221;4.16&#8243; custom_margin=&#8221;0px|||&#8221; custom_padding=&#8221;0px|||&#8221; global_colors_info=&#8221;{}&#8221;][et_pb_column type=&#8221;1_3&#8243; _builder_version=&#8221;4.16&#8243; custom_padding=&#8221;|||&#8221; global_colors_info=&#8221;{}&#8221; custom_padding__hover=&#8221;|||&#8221;][et_pb_gallery gallery_ids=&#8221;1478,1195,1194,1196,1197&#8243; fullwidth=&#8221;on&#8221; admin_label=&#8221;Habitaci\u00f3 El Taller&#8221; _builder_version=&#8221;4.16&#8243; background_layout=&#8221;dark&#8221; global_colors_info=&#8221;{}&#8221;][\/et_pb_gallery][et_pb_blurb title=&#8221;El Taller&#8221; content_max_width=&#8221;100%&#8221; _builder_version=&#8221;4.16&#8243; header_level=&#8221;h3&#8243; header_font=&#8221;Nexa Bold||||||||&#8221; header_text_align=&#8221;center&#8221; header_text_color=&#8221;#b2d466&#8243; header_font_size=&#8221;26&#8243; body_text_align=&#8221;center&#8221; text_orientation=&#8221;center&#8221; custom_margin=&#8221;0px||0px|&#8221; custom_padding=&#8221;0px||0px|&#8221; global_colors_info=&#8221;{}&#8221;]Habitaci\u00f3 fins a 4 persones.<br \/>\nBany complet amb banyera. Calefacci\u00f3<br \/>\n[\/et_pb_blurb][\/et_pb_column][et_pb_column type=&#8221;1_3&#8243; _builder_version=&#8221;4.16&#8243; custom_padding=&#8221;|||&#8221; global_colors_info=&#8221;{}&#8221; custom_padding__hover=&#8221;|||&#8221;][et_pb_gallery gallery_ids=&#8221;1219,1224,1218,1223,1221,1220,1222&#8243; fullwidth=&#8221;on&#8221; admin_label=&#8221;Habitaci\u00f3 Les Figues&#8221; _builder_version=&#8221;4.16&#8243; background_layout=&#8221;dark&#8221; global_colors_info=&#8221;{}&#8221;][\/et_pb_gallery][et_pb_blurb title=&#8221;Les Figues&#8221; content_max_width=&#8221;100%&#8221; _builder_version=&#8221;4.16&#8243; header_level=&#8221;h3&#8243; header_font=&#8221;Nexa Bold||||||||&#8221; header_text_align=&#8221;center&#8221; header_text_color=&#8221;#b2d466&#8243; header_font_size=&#8221;26&#8243; body_text_align=&#8221;center&#8221; text_orientation=&#8221;center&#8221; custom_margin=&#8221;0px||0px|&#8221; custom_padding=&#8221;0px||0px|&#8221; global_colors_info=&#8221;{}&#8221;]Habitaci\u00f3 fins a 4 persones.<br \/>\nBany complet amb banyera. Calefacci\u00f3<br \/>\n[\/et_pb_blurb][\/et_pb_column][et_pb_column type=&#8221;1_3&#8243; _builder_version=&#8221;4.16&#8243; custom_padding=&#8221;|||&#8221; global_colors_info=&#8221;{}&#8221; custom_padding__hover=&#8221;|||&#8221;][et_pb_gallery gallery_ids=&#8221;1239,1238,1237,1234,1235,1236&#8243; fullwidth=&#8221;on&#8221; admin_label=&#8221;Habitaci\u00f3 Les Nous&#8221; _builder_version=&#8221;4.16&#8243; background_layout=&#8221;dark&#8221; global_colors_info=&#8221;{}&#8221;][\/et_pb_gallery][et_pb_blurb title=&#8221;Les Nous&#8221; content_max_width=&#8221;100%&#8221; _builder_version=&#8221;4.16&#8243; header_level=&#8221;h3&#8243; header_font=&#8221;Nexa Bold||||||||&#8221; header_text_align=&#8221;center&#8221; header_text_color=&#8221;#b2d466&#8243; header_font_size=&#8221;26&#8243; body_text_align=&#8221;center&#8221; text_orientation=&#8221;center&#8221; custom_margin=&#8221;0px||0px|&#8221; custom_padding=&#8221;0px||0px|&#8221; global_colors_info=&#8221;{}&#8221;]Habitaci\u00f3 fins a 3 persones.<br \/>\nBany complet amb dutxa. Calefacci\u00f3<br \/>\n[\/et_pb_blurb][\/et_pb_column][\/et_pb_row][et_pb_row use_custom_gutter=&#8221;on&#8221; gutter_width=&#8221;1&#8243; module_class=&#8221; et_pb_row_fullwidth&#8221; _builder_version=&#8221;4.16&#8243; width=&#8221;100%&#8221; width_tablet=&#8221;100%&#8221; width_phone=&#8221;&#8221; width_last_edited=&#8221;on|desktop&#8221; max_width=&#8221;100%&#8221; max_width_tablet=&#8221;100%&#8221; max_width_phone=&#8221;&#8221; max_width_last_edited=&#8221;on|desktop&#8221; custom_margin=&#8221;0px|0px|0px|0px&#8221; custom_padding=&#8221;0px|0px|0px|0px&#8221; make_fullwidth=&#8221;on&#8221; global_colors_info=&#8221;{}&#8221;][et_pb_column type=&#8221;4_4&#8243; _builder_version=&#8221;4.16&#8243; custom_padding=&#8221;0px|0px|0px|0px&#8221; global_colors_info=&#8221;{}&#8221; custom_padding__hover=&#8221;|||&#8221;][et_pb_image src=&#8221;https:\/\/canparesrural.cat\/wp-content\/uploads\/2018\/05\/franja_modul_entorn_inferior.svg&#8221; align_tablet=&#8221;center&#8221; align_phone=&#8221;&#8221; align_last_edited=&#8221;on|desktop&#8221; _builder_version=&#8221;4.16&#8243; max_width_tablet=&#8221;120%&#8221; max_width_phone=&#8221;&#8221; max_width_last_edited=&#8221;on|phone&#8221; custom_margin=&#8221;0px|0px|0px|0px&#8221; custom_padding=&#8221;0px|0px|0px|0px&#8221; global_colors_info=&#8221;{}&#8221;][\/et_pb_image][\/et_pb_column][\/et_pb_row][\/et_pb_section][et_pb_section fb_built=&#8221;1&#8243; _builder_version=&#8221;4.16&#8243; background_image=&#8221;https:\/\/canparesrural.cat\/wp-content\/uploads\/2018\/07\/CAN_PARES_perer-1.png&#8221; custom_margin=&#8221;0px|||&#8221; custom_padding=&#8221;0px|||&#8221; global_colors_info=&#8221;{}&#8221;][et_pb_row column_structure=&#8221;1_2,1_2&#8243; disabled_on=&#8221;off|off|&#8221; _builder_version=&#8221;4.16&#8243; global_colors_info=&#8221;{}&#8221;][et_pb_column type=&#8221;1_2&#8243; _builder_version=&#8221;4.16&#8243; background_position=&#8221;bottom_right&#8221; custom_padding=&#8221;|||&#8221; global_colors_info=&#8221;{}&#8221; custom_padding__hover=&#8221;|||&#8221;][et_pb_blurb use_icon=&#8221;on&#8221; font_icon=&#8221;&#x7b;||divi||400&#8243; icon_placement=&#8221;left&#8221; image_icon_width=&#8221;45px&#8221; _builder_version=&#8221;4.16&#8243; body_font=&#8221;Open Sans|600|on||||||&#8221; body_text_color=&#8221;#cad55b&#8221; body_font_size=&#8221;22&#8243; custom_margin=&#8221;||0px|&#8221; custom_padding=&#8221;||0px|&#8221; custom_css_blurb_image=&#8221; -ms-transform: rotate(180deg); \/* IE 9 *\/|| -webkit-transform: rotate(180deg); \/* Safari 3-8 *\/|| transform: rotate(180deg);&#8221; icon_font_size=&#8221;45px&#8221; global_colors_info=&#8221;{}&#8221;][\/et_pb_blurb][et_pb_blurb _builder_version=&#8221;4.16&#8243; header_font_size=&#8221;16&#8243; header_line_height=&#8221;1.3em&#8221; body_font=&#8221;Open Sans|600|on||||||&#8221; body_text_color=&#8221;#cad55b&#8221; body_font_size=&#8221;18&#8243; body_line_height=&#8221;1.4em&#8221; global_colors_info=&#8221;{}&#8221;]A Can Par\u00e9s us oferim una estada agradable, enmig d\u2019un ambient familiar i acompanyats d\u2019un entorn perfecte per a fer-hi excursions i passejades, tant en bicicleta com a peu.<br \/>\n[\/et_pb_blurb][et_pb_text _builder_version=&#8221;4.16&#8243; global_colors_info=&#8221;{}&#8221;]En Joan, la J\u00falia, en Miquel i l\u2019Anna som els actuals habitants de Can Par\u00e9s, per\u00f2 la hist\u00f2ria d\u2019aquesta casa es remunta m\u00e9s de dos segles enrere, quan els nostres avantpassats es varen instal\u00b7lar aqu\u00ed, al pla de l\u2019Argelaguet, entre la riera Ll\u00e9mena i el riu Ter.<\/p>\n<p>Durant tots aquests anys els habitants de Can Par\u00e9s han viscut de la terra i del bestiar i ara nosaltres us volem obrir les portes de casa perqu\u00e8 conegueu aquest indret i gaudiu de la tranquil\u00b7litat que s\u2019hi respira i dels regals que ens d\u00f3na la natura.<\/p>\n<p>A Can Par\u00e9s, les vistes, l\u2019hort, els esmorzars i, fins i tot les parets i els detalls de la casa, ens parlen de records, de terra i de productes naturals tractats amb amor.<br \/>\n[\/et_pb_text][\/et_pb_column][et_pb_column type=&#8221;1_2&#8243; _builder_version=&#8221;4.16&#8243; custom_padding=&#8221;|||&#8221; global_colors_info=&#8221;{}&#8221; custom_padding__hover=&#8221;|||&#8221;][\/et_pb_column][\/et_pb_row][\/et_pb_section][et_pb_section fb_built=&#8221;1&#8243; _builder_version=&#8221;4.16&#8243; custom_margin=&#8221;0px||0px|&#8221; custom_padding=&#8221;0px||0px|&#8221; locked=&#8221;off&#8221; global_colors_info=&#8221;{}&#8221;][et_pb_row use_custom_gutter=&#8221;on&#8221; gutter_width=&#8221;1&#8243; module_class=&#8221; et_pb_row_fullwidth&#8221; _builder_version=&#8221;4.16&#8243; width=&#8221;100%&#8221; width_tablet=&#8221;100%&#8221; width_phone=&#8221;100%&#8221; width_last_edited=&#8221;on|desktop&#8221; max_width=&#8221;100%&#8221; max_width_tablet=&#8221;100%&#8221; max_width_phone=&#8221;100%&#8221; max_width_last_edited=&#8221;on|desktop&#8221; module_alignment=&#8221;center&#8221; custom_margin=&#8221;0px||0px|&#8221; custom_padding=&#8221;0px||0px|&#8221; make_fullwidth=&#8221;on&#8221; global_colors_info=&#8221;{}&#8221;][et_pb_column type=&#8221;4_4&#8243; _builder_version=&#8221;4.16&#8243; custom_padding=&#8221;|||&#8221; global_colors_info=&#8221;{}&#8221; custom_padding__hover=&#8221;|||&#8221;][et_pb_code _builder_version=&#8221;4.16&#8243; global_colors_info=&#8221;{}&#8221;]<iframe loading=\"lazy\" src=\"https:\/\/www.google.com\/maps\/embed?pb=!1m18!1m12!1m3!1d47455.7759140385!2d2.744674479335054!3d41.97911046843291!2m3!1f0!2f0!3f0!3m2!1i1024!2i768!4f13.1!3m3!1m2!1s0x12baddc219090d89%3A0x621c415a47d17145!2sCAN+PAR%C3%89S+%C2%B7+Casa+Turisme+Rural!5e0!3m2!1sca!2ses!4v1531297911304\" width=\"100%\" height=\"500\" frameborder=\"0\" style=\"border:0\" allowfullscreen><\/iframe>[\/et_pb_code][\/et_pb_column][\/et_pb_row][\/et_pb_section]<\/p>\n","protected":false},"excerpt":{"rendered":"<p>CAN PAR\u00c9S \u00e9s una casa de turisme rural situada a la Vall de Ll\u00e9mena. La finca, totalment independent del casc rural, es troba enmig d&#8217;un paratge natural \u00fanic, a 5 minuts de Girona. Envoltada de camps de cultiu i del nostre hort; \u00e9s un lloc ideal per gaudir de la tranquil\u00b7litat, pau, olors i colors [&hellip;]<\/p>\n","protected":false},"author":4,"featured_media":0,"parent":0,"menu_order":0,"comment_status":"closed","ping_status":"closed","template":"","meta":{"_et_pb_use_builder":"on","_et_pb_old_content":"","_et_gb_content_width":"","footnotes":""},"class_list":["post-305","page","type-page","status-publish","hentry"],"_links":{"self":[{"href":"https:\/\/canparesrural.cat\/es\/wp-json\/wp\/v2\/pages\/305","targetHints":{"allow":["GET"]}}],"collection":[{"href":"https:\/\/canparesrural.cat\/es\/wp-json\/wp\/v2\/pages"}],"about":[{"href":"https:\/\/canparesrural.cat\/es\/wp-json\/wp\/v2\/types\/page"}],"author":[{"embeddable":true,"href":"https:\/\/canparesrural.cat\/es\/wp-json\/wp\/v2\/users\/4"}],"replies":[{"embeddable":true,"href":"https:\/\/canparesrural.cat\/es\/wp-json\/wp\/v2\/comments?post=305"}],"version-history":[{"count":97,"href":"https:\/\/canparesrural.cat\/es\/wp-json\/wp\/v2\/pages\/305\/revisions"}],"predecessor-version":[{"id":2062,"href":"https:\/\/canparesrural.cat\/es\/wp-json\/wp\/v2\/pages\/305\/revisions\/2062"}],"wp:attachment":[{"href":"https:\/\/canparesrural.cat\/es\/wp-json\/wp\/v2\/media?parent=305"}],"curies":[{"name":"wp","href":"https:\/\/api.w.org\/{rel}","templated":true}]}}