{"id":2192,"date":"2024-08-02T09:29:46","date_gmt":"2024-08-02T07:29:46","guid":{"rendered":"https:\/\/canparesrural.com\/?page_id=2192"},"modified":"2024-08-02T09:32:46","modified_gmt":"2024-08-02T07:32:46","slug":"kit-digital","status":"publish","type":"page","link":"https:\/\/canparesrural.cat\/fr\/trousse-numerique\/","title":{"rendered":"Trousse num\u00e9rique"},"content":{"rendered":"<p>Financ\u00e9 par l\u2019Union europ\u00e9enne \u2013 NextGenerationEU. Cependant, les points de vue et opinions exprim\u00e9s sont uniquement ceux du ou des auteurs et ne refl\u00e8tent pas n\u00e9cessairement ceux de l\u2019Union europ\u00e9enne ou de la Commission europ\u00e9enne. Ni l&#039;Union europ\u00e9enne ni la Commission europ\u00e9enne ne peuvent en \u00eatre tenues responsables.<\/p>\n\n\n\n<div style=\"height:50px\" aria-hidden=\"true\" class=\"wp-block-spacer\"><\/div>\n\n\n\n<figure class=\"wp-block-image size-large\"><img loading=\"lazy\" decoding=\"async\" width=\"1024\" height=\"119\" src=\"https:\/\/canparesrural.cat\/wp-content\/uploads\/2024\/08\/kit-digital-logo-1024x119.png\" alt=\"\" class=\"wp-image-2193\" srcset=\"https:\/\/canparesrural.cat\/wp-content\/uploads\/2024\/08\/kit-digital-logo-980x113.png 980w, https:\/\/canparesrural.cat\/wp-content\/uploads\/2024\/08\/kit-digital-logo-480x56.png 480w\" sizes=\"(min-width: 0px) and (max-width: 480px) 480px, (min-width: 481px) and (max-width: 980px) 980px, (min-width: 981px) 1024px, 100vw\" \/><\/figure>\n\n\n\n<div style=\"height:400px\" aria-hidden=\"true\" class=\"wp-block-spacer\"><\/div>","protected":false},"excerpt":{"rendered":"<p>Financ\u00e9 par l\u2019Union europ\u00e9enne \u2013 NextGenerationEU. Cependant, les points de vue et opinions exprim\u00e9s sont uniquement ceux du ou des auteurs et ne refl\u00e8tent pas n\u00e9cessairement ceux de l\u2019Union europ\u00e9enne ou de la Commission europ\u00e9enne. Ni l&#039;Union europ\u00e9enne ni la Commission europ\u00e9enne ne peuvent en \u00eatre tenues responsables.<\/p>","protected":false},"author":4,"featured_media":0,"parent":0,"menu_order":0,"comment_status":"closed","ping_status":"closed","template":"","meta":{"_et_pb_use_builder":"off","_et_pb_old_content":"","_et_gb_content_width":"1180","footnotes":""},"class_list":["post-2192","page","type-page","status-publish","hentry"],"_links":{"self":[{"href":"https:\/\/canparesrural.cat\/fr\/wp-json\/wp\/v2\/pages\/2192","targetHints":{"allow":["GET"]}}],"collection":[{"href":"https:\/\/canparesrural.cat\/fr\/wp-json\/wp\/v2\/pages"}],"about":[{"href":"https:\/\/canparesrural.cat\/fr\/wp-json\/wp\/v2\/types\/page"}],"author":[{"embeddable":true,"href":"https:\/\/canparesrural.cat\/fr\/wp-json\/wp\/v2\/users\/4"}],"replies":[{"embeddable":true,"href":"https:\/\/canparesrural.cat\/fr\/wp-json\/wp\/v2\/comments?post=2192"}],"version-history":[{"count":2,"href":"https:\/\/canparesrural.cat\/fr\/wp-json\/wp\/v2\/pages\/2192\/revisions"}],"predecessor-version":[{"id":2195,"href":"https:\/\/canparesrural.cat\/fr\/wp-json\/wp\/v2\/pages\/2192\/revisions\/2195"}],"wp:attachment":[{"href":"https:\/\/canparesrural.cat\/fr\/wp-json\/wp\/v2\/media?parent=2192"}],"curies":[{"name":"wp","href":"https:\/\/api.w.org\/{rel}","templated":true}]}}